{"id":15876,"date":"2023-07-06T05:45:19","date_gmt":"2023-07-06T03:45:19","guid":{"rendered":"https:\/\/samegypt-tours.com\/?page_id=15876"},"modified":"2025-04-11T18:08:43","modified_gmt":"2025-04-11T16:08:43","slug":"despre-noi","status":"publish","type":"page","link":"https:\/\/samegypt-tours.com\/ro\/despre-noi\/","title":{"rendered":"Despre noi"},"content":{"rendered":"<div class=\"wpb-content-wrapper\"><p>[vc_row][vc_column][vc_column_text]<\/p>\n<h3 style=\"text-align: center;\">Despre noi<\/h3>\n<p>Despre noi, Samegypt tours este marca \u0219i imaginea dinamic\u0103 dezvoltat\u0103 a turismului \u0219i c\u0103l\u0103toriilor online ale Blue Heaven Travel Company sub licen\u021ba nr. 2024 de la Ministerul Turismului egiptean plus num\u0103rul de membru IATA, 90229801<\/p>\n<p>Samegypt tours este portalul de rezervari al companiei pentru excursii, excursii, pachete, transferuri, Croaziere pe Nil, sau cereri speciale personalizate.<\/p>\n<p>Lucr\u0103m \u00een mod constant pentru a oferi o selec\u021bie cuprinz\u0103toare \u0219i larg\u0103 de pachete de vacan\u021b\u0103. asisten\u021b\u0103 complet\u0103 personal prin telefon sau re\u021bele sociale, economisind costurile multor elemente \u0219i ob\u021bin\u00e2nd cele mai competitive tarife.<\/p>\n<p>Experienta Samegypt tours<\/p>\n<p>Personalul nostru are o experien\u021b\u0103 \u00eendelungat\u0103 \u0219i vast\u0103 \u0219i a lucrat cu agen\u021bii de turism prestigioase din Egipt \u0219i din str\u0103in\u0103tate, o echip\u0103 de exper\u021bi talenta\u021bi \u0219i profesioni\u0219ti sub licen\u021be de la Ministerul Turismului egiptean. Calitatea de membru al Sindicatului Ghizilor Generali egipteni cu diplome de licen\u021b\u0103 \u00een ghid turistic \u0219i egiptologie.<\/p>\n<p>Cunoa\u0219tere profund\u0103 a fiec\u0103rei p\u0103r\u021bi a destina\u021biei Egiptului<\/p>\n<h4>Despre turismul responsabil:-<\/h4>\n<p>Ne angaj\u0103m profund turismului responsabil, oferind experien\u021be de c\u0103l\u0103torie autentice \u0219i minimiz\u00e2nd impactul nostru asupra mediului, oamenilor \u0219i locurilor, respect\u00e2nd stilul de via\u021b\u0103, cultura localnicilor, precum \u0219i rela\u021bion\u00e2nd cu ace\u0219tia \u0219i \u00eencuraj\u00e2nd clien\u021bii s\u0103-\u0219i cumpere produsele, s\u0103 m\u0103n\u00e2nce \u00eentr-o cas\u0103 local\u0103, angaj\u00e2nd \u0219oferi, lideri de turism locali \u0219i ghizi turistici.<\/p>\n<p>Folosim tabere \u0219i sta\u021bii locale de beduini \u00een excursii de safari \u00een de\u0219ert, facem tot posibilul pentru a ajuta personal \u0219i financiar organiza\u021biile locale de protec\u021bie a faunei s\u0103lbatice \u0219i a mediului, precum \u0219i pentru a include vizitele rezerva\u021biilor naturale locale \u00een pachetele noastre turistice, asum\u00e2ndu-ne responsabilitatea pentru ac\u021biunile noastre \u0219i \u00eencerc\u00e2nd s\u0103 r\u0103sp\u00e2ndim \u0219i \u00eencuraj\u00e2nd pe ceilal\u021bi pentru un turism responsabil \u0219i durabil, s\u0103 ne instruim personalul \u0219i oamenii, astfel \u00eenc\u00e2t s\u0103 poat\u0103 pune \u00een practic\u0103 politicile noastre.[\/vc_column_text][\/vc_column][\/vc_row][vc_row][vc_column][vc_empty_space][vc_column_text]<\/p>\n<h3 id=\"tw-target-text\" class=\"tw-data-text tw-text-large tw-ta\" dir=\"ltr\" data-placeholder=\"Translation\" data-ved=\"2ahUKEwjPp9re6s-MAxWggf0HHSp8HOEQ3ewLegQICBAV\" aria-label=\"Translated text: De ce Samegypt Tours?\"><span class=\"Y2IQFc\" lang=\"ro\">De ce Samegypt Tours?<\/span><\/h3>\n<p>[\/vc_column_text][vc_empty_space height=&#8221;20px&#8221;][\/vc_column][\/vc_row][vc_row][vc_column width=&#8221;1\/4&#8243;][vc_column_text]<\/p>\n<div class=\"wpb_single_image wpb_content_element vc_align_center\">\n<figure class=\"wpb_wrapper vc_figure\">\n<div class=\"vc_single_image-wrapper vc_box_border_grey\"><img decoding=\"async\" class=\"vc_single_image-img attachment-full aligncenter\" title=\"suitcase\" src=\"https:\/\/samegypt-tours.com\/wp-content\/uploads\/2023\/07\/suitcase-e1693659117306.png\" alt=\"\" width=\"64\" height=\"64\" \/><\/div>\n<\/figure>\n<\/div>\n<h5 style=\"text-align: center;\">varietatea aleas\u0103<\/h5>\n<p style=\"text-align: center;\">O varietate bine aleas\u0103 de lucruri de f\u0103cut \u00een Egipt (istorie, excursie pe mare, aventur\u0103, transferuri, croaziere pe Nil \u0219i pachete)<\/p>\n<p>[\/vc_column_text][\/vc_column][vc_column width=&#8221;1\/4&#8243;][vc_column_text]<\/p>\n<div class=\"wpb_single_image wpb_content_element vc_align_center\">\n<figure class=\"wpb_wrapper vc_figure\">\n<div class=\"vc_single_image-wrapper vc_box_border_grey\"><img decoding=\"async\" class=\"vc_single_image-img attachment-full aligncenter\" title=\"iconfinder_14_Payment_1871430\" src=\"https:\/\/samegypt-tours.com\/wp-content\/uploads\/2023\/07\/iconfinder_14_Payment_1871430-e1693659516704.png\" alt=\"\" width=\"64\" height=\"64\" \/><\/div>\n<\/figure>\n<\/div>\n<h5 style=\"text-align: center;\">Plata online<\/h5>\n<div class=\"wpb_text_column wpb_content_element \">\n<div class=\"wpb_wrapper\">\n<p style=\"text-align: center;\">Plat\u0103 online sigur\u0103 sub NBE (Banca Na\u021bional\u0103 a Egiptului) sau chiar numerar \u00eenainte de eveniment folosind $, \u00a3, \u20ac, LE (lir\u0103 egiptean\u0103) conform cursului bancar zilnic.<\/p>\n<p style=\"text-align: center;\">.<\/p>\n<\/div>\n<\/div>\n<p>[\/vc_column_text][\/vc_column][vc_column width=&#8221;1\/4&#8243;][vc_column_text]<\/p>\n<div class=\"wpb_single_image wpb_content_element vc_align_center\">\n<figure class=\"wpb_wrapper vc_figure\">\n<div class=\"vc_single_image-wrapper vc_box_border_grey\"><img decoding=\"async\" class=\"aligncenter\" src=\"https:\/\/samegypt-tours.com\/wp-content\/uploads\/2023\/07\/ebook.png.webp\" alt=\"Online booking\" \/><\/div>\n<\/figure>\n<\/div>\n<h5 class=\"vc_custom_heading\" style=\"text-align: center;\">Chosen variety<\/h5>\n<div class=\"wpb_text_column wpb_content_element \">\n<div class=\"wpb_wrapper\">\n<p style=\"text-align: center;\">Rezerv\u0103rile online u\u0219oare sau chiar liniile de afaceri WhatsApp sunt afi\u0219ate pe pagina de contact<\/p>\n<\/div>\n<\/div>\n<p>[\/vc_column_text][\/vc_column][vc_column width=&#8221;1\/4&#8243;][vc_column_text]<\/p>\n<div class=\"wpb_single_image wpb_content_element vc_align_center\">\n<figure class=\"wpb_wrapper vc_figure\">\n<div class=\"vc_single_image-wrapper vc_box_border_grey\"><img decoding=\"async\" class=\"vc_single_image-img attachment-full aligncenter\" title=\"beach\" src=\"https:\/\/samegypt-tours.com\/wp-content\/uploads\/2023\/07\/beach.png\" sizes=\"(max-width: 64px) 100vw, 64px\" srcset=\"https:\/\/samegypt-tours.com\/wp-content\/uploads\/2023\/07\/beach.png 64w, https:\/\/samegypt-tours.com\/wp-content\/uploads\/2023\/07\/beach-300x300.png 300w, https:\/\/samegypt-tours.com\/wp-content\/uploads\/2023\/07\/beach-1024x1024.png 1024w, https:\/\/samegypt-tours.com\/wp-content\/uploads\/2023\/07\/beach-150x150.png 150w, https:\/\/samegypt-tours.com\/wp-content\/uploads\/2023\/07\/beach-768x768.png 768w, https:\/\/samegypt-tours.com\/wp-content\/uploads\/2023\/07\/beach-1536x1536.png 1536w, https:\/\/samegypt-tours.com\/wp-content\/uploads\/2023\/07\/beach-2048x2048.png 2048w, https:\/\/samegypt-tours.com\/wp-content\/uploads\/2023\/07\/beach-600x600.png 600w, https:\/\/samegypt-tours.com\/wp-content\/uploads\/2023\/07\/beach-100x100.png 100w\" alt=\"\" width=\"64\" height=\"64\" \/><\/div>\n<\/figure>\n<\/div>\n<h5 style=\"text-align: center;\">Servicii de \u00eenalt\u0103 calitate<\/h5>\n<div class=\"wpb_text_column wpb_content_element \">\n<div class=\"wpb_wrapper\">\n<p style=\"text-align: center;\">Servicii de \u00eenalt\u0103 calitate care vizeaz\u0103 satisfac\u021bia extrem\u0103 a stima\u021bilor no\u0219tri clien\u021bi<\/p>\n<\/div>\n<\/div>\n<p>[\/vc_column_text][\/vc_column][\/vc_row][vc_row][vc_column width=&#8221;1\/4&#8243;][vc_column_text]<\/p>\n<div class=\"wpb_single_image wpb_content_element vc_align_center\">\n<figure class=\"wpb_wrapper vc_figure\">\n<div class=\"vc_single_image-wrapper vc_box_border_grey\"><img decoding=\"async\" class=\"vc_single_image-img attachment-full aligncenter\" title=\"tour-guide\" src=\"https:\/\/samegypt-tours.com\/wp-content\/uploads\/2023\/07\/tour-guide-e1693659435685.png\" alt=\"\" width=\"64\" height=\"64\" \/><\/div>\n<\/figure>\n<\/div>\n<h5 style=\"text-align: center;\">Ghizi profesionisti<\/h5>\n<div class=\"wpb_text_column wpb_content_element \">\n<div class=\"wpb_wrapper\">\n<p style=\"text-align: center;\">Cin\u0103 ghizi profesioni\u0219ti \u0219i egiptologi cu o experien\u021b\u0103 excelent\u0103 din fiecare parte a Egiptului<\/p>\n<\/div>\n<\/div>\n<p>[\/vc_column_text][\/vc_column][vc_column width=&#8221;1\/4&#8243;][vc_column_text]<\/p>\n<div class=\"wpb_single_image wpb_content_element vc_align_center\">\n<figure class=\"wpb_wrapper vc_figure\">\n<div class=\"vc_single_image-wrapper vc_box_border_grey\"><img decoding=\"async\" class=\"aligncenter\" src=\"https:\/\/samegypt-tours.com\/wp-content\/uploads\/2023\/07\/money.png\" alt=\"money\" \/><\/div>\n<\/figure>\n<\/div>\n<h5 class=\"vc_custom_heading\" style=\"text-align: center;\">Preturi competitive<\/h5>\n<div class=\"wpb_text_column wpb_content_element \">\n<div class=\"wpb_wrapper\">\n<p style=\"text-align: center;\">Pre\u021buri foarte competitive \u00een compara\u021bie cu al\u021bi operatori de turism din sau din afara Egiptulu<\/p>\n<\/div>\n<\/div>\n<p>[\/vc_column_text][\/vc_column][vc_column width=&#8221;1\/4&#8243;][vc_column_text]<\/p>\n<div class=\"wpb_single_image wpb_content_element vc_align_center\">\n<figure class=\"wpb_wrapper vc_figure\">\n<div class=\"vc_single_image-wrapper vc_box_border_grey\"><img decoding=\"async\" class=\"vc_single_image-img attachment-full aligncenter\" title=\"support\" src=\"https:\/\/samegypt-tours.com\/wp-content\/uploads\/2023\/07\/support.png\" sizes=\"(max-width: 64px) 100vw, 64px\" srcset=\"https:\/\/samegypt-tours.com\/wp-content\/uploads\/2023\/07\/support.png 64w, https:\/\/samegypt-tours.com\/wp-content\/uploads\/2023\/07\/support-300x300.png 300w, https:\/\/samegypt-tours.com\/wp-content\/uploads\/2023\/07\/support-1024x1024.png 1024w, https:\/\/samegypt-tours.com\/wp-content\/uploads\/2023\/07\/support-150x150.png 150w, https:\/\/samegypt-tours.com\/wp-content\/uploads\/2023\/07\/support-768x768.png 768w, https:\/\/samegypt-tours.com\/wp-content\/uploads\/2023\/07\/support-1536x1536.png 1536w, https:\/\/samegypt-tours.com\/wp-content\/uploads\/2023\/07\/support-2048x2048.png 2048w, https:\/\/samegypt-tours.com\/wp-content\/uploads\/2023\/07\/support-600x600.png 600w, https:\/\/samegypt-tours.com\/wp-content\/uploads\/2023\/07\/support-100x100.png 100w\" alt=\"\" width=\"64\" height=\"64\" \/><\/div>\n<\/figure>\n<\/div>\n<h5 style=\"text-align: center;\">24 ore \/ 7 zile<\/h5>\n<div class=\"wpb_text_column wpb_content_element \">\n<div class=\"wpb_wrapper\">\n<p style=\"text-align: center;\">Suntem disponibili 24 de ore \/ 7 zile pe s\u0103pt\u0103m\u00e2n\u0103 \u00een Hurghada, Cairo, Luxor, Aswan, Sharm El Sheikh \u0219i Alexandria<\/p>\n<\/div>\n<\/div>\n<p>[\/vc_column_text][\/vc_column][vc_column width=&#8221;1\/4&#8243;][vc_column_text]<\/p>\n<div class=\"wpb_single_image wpb_content_element vc_align_center\">\n<figure class=\"wpb_wrapper vc_figure\">\n<div class=\"vc_single_image-wrapper vc_box_border_grey\"><img decoding=\"async\" class=\"vc_single_image-img attachment-full aligncenter\" title=\"vest\" src=\"https:\/\/samegypt-tours.com\/wp-content\/uploads\/2023\/07\/vest-e1693659351443.png\" alt=\"\" width=\"64\" height=\"64\" \/><\/div>\n<\/figure>\n<\/div>\n<h5 style=\"text-align: center;\">Siguran\u0163\u0103<\/h5>\n<div class=\"wpb_text_column wpb_content_element \">\n<div class=\"wpb_wrapper\">\n<p style=\"text-align: center;\">Siguran\u021ba este prioritatea noastr\u0103, a\u0219a c\u0103 ne alegem cu aten\u021bie furnizorii \u0219i \u0219oferii locali<\/p>\n<\/div>\n<\/div>\n<p>[\/vc_column_text][\/vc_column][\/vc_row][vc_row][vc_column][vc_column_text]<\/p>\n<h4 id=\"tw-target-text\" class=\"tw-data-text tw-text-large tw-ta\" dir=\"ltr\" style=\"text-align: center;\" data-placeholder=\"Translation\" data-ved=\"2ahUKEwjPp9re6s-MAxWggf0HHSp8HOEQ3ewLegQICBAV\" aria-label=\"Translated text: Parteneriat\"><span class=\"Y2IQFc\" lang=\"ro\">Parteneriat<\/span><\/h4>\n<p>[\/vc_column_text][vc_gallery type=&#8221;image_grid&#8221; images=&#8221;15168,15156,14991,15159,15165,15162,15153,14988,14994,15270&#8243; img_size=&#8221;100&#215;100&#8243; css_animation=&#8221;fadeInRight&#8221;][vc_empty_space][\/vc_column][\/vc_row][vc_row][vc_column][vc_column_text]<\/p>\n<p>[\/vc_column_text][\/vc_column][\/vc_row][vc_row][vc_column][vc_column_text]<\/p>\n<p>[\/vc_column_text][\/vc_column][\/vc_row]<\/p>\n<\/div>","protected":false},"excerpt":{"rendered":"<p>[vc_row][vc_column][vc_column_text] Despre noi Despre noi, Samegypt tours este marca \u0219i imaginea dinamic\u0103 dezvoltat\u0103 a turismului \u0219i c\u0103l\u0103toriilor online ale Blue Heaven Travel Company sub licen\u021ba nr. 2024 de la Ministerul Turismului egiptean plus num\u0103rul de membru IATA, 90229801 Samegypt tours este portalul de rezervari al companiei pentru excursii, excursii, pachete, transferuri, Croaziere pe Nil, sau [&hellip;]<\/p>\n","protected":false},"author":2,"featured_media":14760,"parent":0,"menu_order":0,"comment_status":"closed","ping_status":"closed","template":"","meta":{"om_disable_all_campaigns":false,"footnotes":""},"class_list":["post-15876","page","type-page","status-publish","has-post-thumbnail","hentry"],"aioseo_notices":[],"_links":{"self":[{"href":"https:\/\/samegypt-tours.com\/ro\/wp-json\/wp\/v2\/pages\/15876","targetHints":{"allow":["GET"]}}],"collection":[{"href":"https:\/\/samegypt-tours.com\/ro\/wp-json\/wp\/v2\/pages"}],"about":[{"href":"https:\/\/samegypt-tours.com\/ro\/wp-json\/wp\/v2\/types\/page"}],"author":[{"embeddable":true,"href":"https:\/\/samegypt-tours.com\/ro\/wp-json\/wp\/v2\/users\/2"}],"replies":[{"embeddable":true,"href":"https:\/\/samegypt-tours.com\/ro\/wp-json\/wp\/v2\/comments?post=15876"}],"version-history":[{"count":0,"href":"https:\/\/samegypt-tours.com\/ro\/wp-json\/wp\/v2\/pages\/15876\/revisions"}],"wp:featuredmedia":[{"embeddable":true,"href":"https:\/\/samegypt-tours.com\/ro\/wp-json\/wp\/v2\/media\/14760"}],"wp:attachment":[{"href":"https:\/\/samegypt-tours.com\/ro\/wp-json\/wp\/v2\/media?parent=15876"}],"curies":[{"name":"wp","href":"https:\/\/api.w.org\/{rel}","templated":true}]}}