{"id":15709,"date":"2023-07-06T05:46:19","date_gmt":"2023-07-06T03:46:19","guid":{"rendered":"https:\/\/samegypt-tours.com\/?page_id=15709"},"modified":"2025-04-10T20:51:55","modified_gmt":"2025-04-10T18:51:55","slug":"tururi-de-aventura-in-hurghada","status":"publish","type":"page","link":"https:\/\/samegypt-tours.com\/ro\/excursii\/tururi-de-aventura-in-hurghada\/","title":{"rendered":"Tururi de aventur\u0103 \u00een Hurghada"},"content":{"rendered":"<div class=\"wpb-content-wrapper\"><p>[vc_row][vc_column][vc_column_text]<\/p>\n<h2 style=\"text-align: center;\">Tururi de aventur\u0103 \u00een Hurghada<\/h2>\n<p>Tururi de aventur\u0103 \u00een Hurghada \u0219i excursii Safari cu quad sau jeep-uri \u00een de\u0219ertul de est. Experimenta\u021bi via\u021ba beduinilor \u0219i tradi\u021biile lor. Super activitate \u00een de\u0219ertul arab.<\/p>\n<p>Cele mai bune excursii ghidate de Safari \u00een de\u0219ertul arab, vede\u021bi beduinii \u0219i afla\u021bi mai multe despre via\u021ba \u0219i tradi\u021biile lor. Bucura\u021bi-v\u0103 de excursii Safari \u00eentre mun\u021bii M\u0103rii Ro\u0219ii \u0219i minuna\u021bi-v\u0103 de partea muntoas\u0103 a Egiptului.<\/p>\n<h3>Safari \u0219i aventur\u0103 din Hurghada<\/h3>\n<p>Super varietate de tururi \u0219i excursii din Hurghada. Quad sau jeep cu sau f\u0103r\u0103 quad. Viziteaz\u0103 satul beduin \u0219i c\u0103l\u0103re\u0219te pe c\u0103mile. Rezerv\u0103-\u021bi c\u0103l\u0103toria \u0219i bucur\u0103-te de acest tur minunat \u00een de\u0219ertul de est al Egiptului. Comand\u0103 online \u0219i pl\u0103te\u0219te mai t\u00e2rziu \u00een Hurghada, la ridicarea de la hotel.<\/p>\n<p>[\/vc_column_text][\/vc_column][\/vc_row][vc_row][vc_column]<div class=\"search-result-page st-tours service-slider-wrapper\"><div class=\"st-hotel-result modern-search-result\"><div class=\"list-service-style8\"><div class=\"col-lg-3 col-md-6 col-sm-6 col-xs-12 item-service grid-item\">\r\n    <div class=\"service-border\">\r\n        <div class=\"thumb\">\r\n                                        <a href=\"#\" class=\"login\" data-toggle=\"modal\" data-target=\"#st-login-form\">\r\n                    <div class=\"service-add-wishlist\" title=\"Add to wishlist\">\r\n                        <i class=\"fa fa-heart\"><\/i>\r\n                        <div class=\"lds-dual-ring\"><\/div>\r\n                    <\/div>\r\n                <\/a>\r\n                        <div class=\"service-tag bestseller\">\r\n                            <\/div>\r\n            <a href=\"https:\/\/samegypt-tours.com\/ro\/tour\/excursie-vip-safari-in-desert\/\">\r\n                <img decoding=\"async\" width=\"680\" height=\"500\" src=\"https:\/\/samegypt-tours.com\/wp-content\/uploads\/2023\/07\/samegypt-tours-safari-680x500.jpg\" class=\"img-responsive wp-post-image\" alt=\"Safari \u00een de\u0219ert\" \/>            <\/a>\r\n                        <a href=\"\/ro\/wp-json\/wp\/v2\/pages\/15709?partner_id=2\" target=\"_blank\" title=\"samegypt tours\"  class=\"service-avatar\"><img alt='Safari \u00een de\u0219ert' src='https:\/\/secure.gravatar.com\/avatar\/1cfcee38d002af8b0a0436d1f39a8c33afc96558ff80a8bc2f512cd7c7147538?s=70&#038;d=mm&#038;r=g' srcset='https:\/\/secure.gravatar.com\/avatar\/1cfcee38d002af8b0a0436d1f39a8c33afc96558ff80a8bc2f512cd7c7147538?s=140&#038;d=mm&#038;r=g 2x' class='avatar avatar-70 photo' height='70' width='70' \/><\/a>        <\/div>\r\n                <h4 class=\"service-title plr15\"><a href=\"https:\/\/samegypt-tours.com\/ro\/tour\/excursie-vip-safari-in-desert\/\">Excursie VIP Safari \u00een de\u0219ert<\/a><\/h4>\r\n\r\n        <div class=\"service-review plr15\">\r\n            <ul class=\"icon-group text-color booking-item-rating-stars\">\r\n                            <\/ul>\r\n                        <span class=\"review\">\r\n                                0 reviews            <\/span>\r\n        <\/div>\r\n\r\n        <div class=\"section-footer\">\r\n            <div class=\"footer-inner plr15\">\r\n                                    <div class=\"service-duration\">\r\n                        <i class=\"input-icon st-border-radius field-icon fa\"><svg height=\"16px\" width=\"16px\" version=\"1.1\" xmlns=\"http:\/\/www.w3.org\/2000\/svg\" xmlns:xlink=\"http:\/\/www.w3.org\/1999\/xlink\" x=\"0px\" y=\"0px\"\r\n     viewBox=\"0 0 24 24\" style=\"enable-background:new 0 0 24 24;\" xml:space=\"preserve\">\r\n\r\n<g fill=\"#5E6D77\">\r\n    <path d=\"M12,23.25C5.797,23.25,0.75,18.203,0.75,12C0.75,5.797,5.797,0.75,12,0.75c6.203,0,11.25,5.047,11.25,11.25\r\n        C23.25,18.203,18.203,23.25,12,23.25z M12,2.25c-5.376,0-9.75,4.374-9.75,9.75s4.374,9.75,9.75,9.75s9.75-4.374,9.75-9.75\r\n        S17.376,2.25,12,2.25z\"\/>\r\n    <path d=\"M15.75,16.5c-0.2,0-0.389-0.078-0.53-0.22l-2.25-2.25c-0.302,0.145-0.632,0.22-0.969,0.22c-1.241,0-2.25-1.009-2.25-2.25\r\n        c0-0.96,0.615-1.808,1.5-2.121V5.25c0-0.414,0.336-0.75,0.75-0.75s0.75,0.336,0.75,0.75v4.629c0.885,0.314,1.5,1.162,1.5,2.121\r\n        c0,0.338-0.075,0.668-0.22,0.969l2.25,2.25c0.292,0.292,0.292,0.768,0,1.061C16.139,16.422,15.95,16.5,15.75,16.5z M12,11.25\r\n        c-0.414,0-0.75,0.336-0.75,0.75s0.336,0.75,0.75,0.75s0.75-0.336,0.75-0.75S12.414,11.25,12,11.25z\"\/>\r\n<\/g>\r\n<\/svg><\/i>                        6 Hours                    <\/div>\r\n                                    <div class=\"service-price\">\r\n                    <span>\r\n                        <i class=\"input-icon st-border-radius field-icon fa\"><svg width=\"10px\" height=\"16px\" viewBox=\"0 0 11 18\" version=\"1.1\" xmlns=\"http:\/\/www.w3.org\/2000\/svg\" xmlns:xlink=\"http:\/\/www.w3.org\/1999\/xlink\">\r\n    <!-- Generator: Sketch 49 (51002) - http:\/\/www.bohemiancoding.com\/sketch -->\r\n    \r\n    <defs><\/defs>\r\n    <g stroke=\"none\" stroke-width=\"1\" fill=\"none\" fill-rule=\"evenodd\">\r\n        <g id=\"Room_Only_Detail_1\" transform=\"translate(-135.000000, -4858.000000)\" fill=\"#ffab53\" fill-rule=\"nonzero\">\r\n            <g id=\"nearby-hotel\" transform=\"translate(130.000000, 4334.000000)\">\r\n                <g id=\"h1-g\" transform=\"translate(5.000000, 136.000000)\">\r\n                    <g id=\"hotel-grid\">\r\n                        <g id=\"price\" transform=\"translate(0.000000, 383.000000)\">\r\n                            <g id=\"thunder\" transform=\"translate(0.000000, 5.000000)\">\r\n                                <path d=\"M10.0143234,6.99308716 C9.91102517,6.83252576 9.73362166,6.73708716 9.54386728,6.73708716 L5.61404272,6.73708716 L5.61404272,0.561648567 C5.61404272,0.296666111 5.42877956,0.0676134793 5.16941114,0.0125959355 C4.90555149,-0.0435444154 4.64730587,0.0923152337 4.5395164,0.333718743 L0.0482883306,10.4389819 C-0.0291853536,10.6118942 -0.0123432484,10.8139994 0.0909549973,10.9723152 C0.194253243,11.1317538 0.371656752,11.2283152 0.561411138,11.2283152 L4.4912357,11.2283152 L4.4912357,17.4037538 C4.4912357,17.6687363 4.67649886,17.8977889 4.93586728,17.9528065 C4.97516552,17.9606661 5.01446377,17.9651573 5.05263921,17.9651573 C5.27046377,17.9651573 5.47369184,17.8382801 5.56576201,17.6316837 L10.0569901,7.5264205 C10.133341,7.35238541 10.1187445,7.15252576 10.0143234,6.99308716 Z\"><\/path>\r\n                            <\/g>\r\n                        <\/g>\r\n                    <\/g>\r\n                <\/g>\r\n            <\/g>\r\n        <\/g>\r\n    <\/g>\r\n<\/svg><\/i>                            <span class=\"fr_text\">from<\/span>\r\n                    <\/span>\r\n                    <span class=\"price\">\r\n                        <span class=\"text-lg lh1em item \"> $0,00<\/span>                    <\/span>\r\n                <\/div>\r\n            <\/div>\r\n        <\/div>\r\n\r\n    <\/div>\r\n<\/div>\r\n<div class=\"col-lg-3 col-md-6 col-sm-6 col-xs-12 item-service grid-item\">\r\n    <div class=\"service-border\">\r\n        <div class=\"thumb\">\r\n                                        <a href=\"#\" class=\"login\" data-toggle=\"modal\" data-target=\"#st-login-form\">\r\n                    <div class=\"service-add-wishlist\" title=\"Add to wishlist\">\r\n                        <i class=\"fa fa-heart\"><\/i>\r\n                        <div class=\"lds-dual-ring\"><\/div>\r\n                    <\/div>\r\n                <\/a>\r\n                        <div class=\"service-tag bestseller\">\r\n                            <\/div>\r\n            <a href=\"https:\/\/samegypt-tours.com\/ro\/tour\/tur-cu-quad-in-desert-cu-cina\/\">\r\n                <img decoding=\"async\" width=\"680\" height=\"500\" src=\"https:\/\/samegypt-tours.com\/wp-content\/uploads\/2023\/07\/Quad-biking-safari-680x500.jpg\" class=\"img-responsive wp-post-image\" alt=\"Tur cu quad \u00een de\u0219ert cu cin\u0103\" \/>            <\/a>\r\n                        <a href=\"\/ro\/wp-json\/wp\/v2\/pages\/15709?partner_id=2\" target=\"_blank\" title=\"samegypt tours\"  class=\"service-avatar\"><img alt='Tur cu quad \u00een de\u0219ert cu cin\u0103' src='https:\/\/secure.gravatar.com\/avatar\/1cfcee38d002af8b0a0436d1f39a8c33afc96558ff80a8bc2f512cd7c7147538?s=70&#038;d=mm&#038;r=g' srcset='https:\/\/secure.gravatar.com\/avatar\/1cfcee38d002af8b0a0436d1f39a8c33afc96558ff80a8bc2f512cd7c7147538?s=140&#038;d=mm&#038;r=g 2x' class='avatar avatar-70 photo' height='70' width='70' \/><\/a>        <\/div>\r\n                <h4 class=\"service-title plr15\"><a href=\"https:\/\/samegypt-tours.com\/ro\/tour\/tur-cu-quad-in-desert-cu-cina\/\">Tur cu quad \u00een de\u0219ert cu cin\u0103<\/a><\/h4>\r\n\r\n        <div class=\"service-review plr15\">\r\n            <ul class=\"icon-group text-color booking-item-rating-stars\">\r\n                            <\/ul>\r\n                        <span class=\"review\">\r\n                                0 reviews            <\/span>\r\n        <\/div>\r\n\r\n        <div class=\"section-footer\">\r\n            <div class=\"footer-inner plr15\">\r\n                                    <div class=\"service-duration\">\r\n                        <i class=\"input-icon st-border-radius field-icon fa\"><svg height=\"16px\" width=\"16px\" version=\"1.1\" xmlns=\"http:\/\/www.w3.org\/2000\/svg\" xmlns:xlink=\"http:\/\/www.w3.org\/1999\/xlink\" x=\"0px\" y=\"0px\"\r\n     viewBox=\"0 0 24 24\" style=\"enable-background:new 0 0 24 24;\" xml:space=\"preserve\">\r\n\r\n<g fill=\"#5E6D77\">\r\n    <path d=\"M12,23.25C5.797,23.25,0.75,18.203,0.75,12C0.75,5.797,5.797,0.75,12,0.75c6.203,0,11.25,5.047,11.25,11.25\r\n        C23.25,18.203,18.203,23.25,12,23.25z M12,2.25c-5.376,0-9.75,4.374-9.75,9.75s4.374,9.75,9.75,9.75s9.75-4.374,9.75-9.75\r\n        S17.376,2.25,12,2.25z\"\/>\r\n    <path d=\"M15.75,16.5c-0.2,0-0.389-0.078-0.53-0.22l-2.25-2.25c-0.302,0.145-0.632,0.22-0.969,0.22c-1.241,0-2.25-1.009-2.25-2.25\r\n        c0-0.96,0.615-1.808,1.5-2.121V5.25c0-0.414,0.336-0.75,0.75-0.75s0.75,0.336,0.75,0.75v4.629c0.885,0.314,1.5,1.162,1.5,2.121\r\n        c0,0.338-0.075,0.668-0.22,0.969l2.25,2.25c0.292,0.292,0.292,0.768,0,1.061C16.139,16.422,15.95,16.5,15.75,16.5z M12,11.25\r\n        c-0.414,0-0.75,0.336-0.75,0.75s0.336,0.75,0.75,0.75s0.75-0.336,0.75-0.75S12.414,11.25,12,11.25z\"\/>\r\n<\/g>\r\n<\/svg><\/i>                        6 Hours                    <\/div>\r\n                                    <div class=\"service-price\">\r\n                    <span>\r\n                        <i class=\"input-icon st-border-radius field-icon fa\"><svg width=\"10px\" height=\"16px\" viewBox=\"0 0 11 18\" version=\"1.1\" xmlns=\"http:\/\/www.w3.org\/2000\/svg\" xmlns:xlink=\"http:\/\/www.w3.org\/1999\/xlink\">\r\n    <!-- Generator: Sketch 49 (51002) - http:\/\/www.bohemiancoding.com\/sketch -->\r\n    \r\n    <defs><\/defs>\r\n    <g stroke=\"none\" stroke-width=\"1\" fill=\"none\" fill-rule=\"evenodd\">\r\n        <g id=\"Room_Only_Detail_1\" transform=\"translate(-135.000000, -4858.000000)\" fill=\"#ffab53\" fill-rule=\"nonzero\">\r\n            <g id=\"nearby-hotel\" transform=\"translate(130.000000, 4334.000000)\">\r\n                <g id=\"h1-g\" transform=\"translate(5.000000, 136.000000)\">\r\n                    <g id=\"hotel-grid\">\r\n                        <g id=\"price\" transform=\"translate(0.000000, 383.000000)\">\r\n                            <g id=\"thunder\" transform=\"translate(0.000000, 5.000000)\">\r\n                                <path d=\"M10.0143234,6.99308716 C9.91102517,6.83252576 9.73362166,6.73708716 9.54386728,6.73708716 L5.61404272,6.73708716 L5.61404272,0.561648567 C5.61404272,0.296666111 5.42877956,0.0676134793 5.16941114,0.0125959355 C4.90555149,-0.0435444154 4.64730587,0.0923152337 4.5395164,0.333718743 L0.0482883306,10.4389819 C-0.0291853536,10.6118942 -0.0123432484,10.8139994 0.0909549973,10.9723152 C0.194253243,11.1317538 0.371656752,11.2283152 0.561411138,11.2283152 L4.4912357,11.2283152 L4.4912357,17.4037538 C4.4912357,17.6687363 4.67649886,17.8977889 4.93586728,17.9528065 C4.97516552,17.9606661 5.01446377,17.9651573 5.05263921,17.9651573 C5.27046377,17.9651573 5.47369184,17.8382801 5.56576201,17.6316837 L10.0569901,7.5264205 C10.133341,7.35238541 10.1187445,7.15252576 10.0143234,6.99308716 Z\"><\/path>\r\n                            <\/g>\r\n                        <\/g>\r\n                    <\/g>\r\n                <\/g>\r\n            <\/g>\r\n        <\/g>\r\n    <\/g>\r\n<\/svg><\/i>                            <span class=\"fr_text\">from<\/span>\r\n                    <\/span>\r\n                    <span class=\"price\">\r\n                        <span class=\"text-lg lh1em item \"> $40,00<\/span>                    <\/span>\r\n                <\/div>\r\n            <\/div>\r\n        <\/div>\r\n\r\n    <\/div>\r\n<\/div>\r\n<div class=\"col-lg-3 col-md-6 col-sm-6 col-xs-12 item-service grid-item\">\r\n    <div class=\"service-border\">\r\n        <div class=\"thumb\">\r\n                                        <a href=\"#\" class=\"login\" data-toggle=\"modal\" data-target=\"#st-login-form\">\r\n                    <div class=\"service-add-wishlist\" title=\"Add to wishlist\">\r\n                        <i class=\"fa fa-heart\"><\/i>\r\n                        <div class=\"lds-dual-ring\"><\/div>\r\n                    <\/div>\r\n                <\/a>\r\n                        <div class=\"service-tag bestseller\">\r\n                            <\/div>\r\n            <a href=\"https:\/\/samegypt-tours.com\/ro\/tour\/super-safari-tur\/\">\r\n                <img decoding=\"async\" width=\"680\" height=\"500\" src=\"https:\/\/samegypt-tours.com\/wp-content\/uploads\/2025\/03\/Tururi-de-aventura-in-Hurghada-680x500.jpg\" class=\"img-responsive wp-post-image\" alt=\"Tururi de aventur\u0103 \u00een Hurghada\" \/>            <\/a>\r\n                        <a href=\"\/ro\/wp-json\/wp\/v2\/pages\/15709?partner_id=2\" target=\"_blank\" title=\"samegypt tours\"  class=\"service-avatar\"><img alt='Tururi de aventur\u0103 \u00een Hurghada' src='https:\/\/secure.gravatar.com\/avatar\/1cfcee38d002af8b0a0436d1f39a8c33afc96558ff80a8bc2f512cd7c7147538?s=70&#038;d=mm&#038;r=g' srcset='https:\/\/secure.gravatar.com\/avatar\/1cfcee38d002af8b0a0436d1f39a8c33afc96558ff80a8bc2f512cd7c7147538?s=140&#038;d=mm&#038;r=g 2x' class='avatar avatar-70 photo' height='70' width='70' \/><\/a>        <\/div>\r\n                <h4 class=\"service-title plr15\"><a href=\"https:\/\/samegypt-tours.com\/ro\/tour\/super-safari-tur\/\">Super safari tur<\/a><\/h4>\r\n\r\n        <div class=\"service-review plr15\">\r\n            <ul class=\"icon-group text-color booking-item-rating-stars\">\r\n                            <\/ul>\r\n                        <span class=\"review\">\r\n                                0 reviews            <\/span>\r\n        <\/div>\r\n\r\n        <div class=\"section-footer\">\r\n            <div class=\"footer-inner plr15\">\r\n                                    <div class=\"service-duration\">\r\n                        <i class=\"input-icon st-border-radius field-icon fa\"><svg height=\"16px\" width=\"16px\" version=\"1.1\" xmlns=\"http:\/\/www.w3.org\/2000\/svg\" xmlns:xlink=\"http:\/\/www.w3.org\/1999\/xlink\" x=\"0px\" y=\"0px\"\r\n     viewBox=\"0 0 24 24\" style=\"enable-background:new 0 0 24 24;\" xml:space=\"preserve\">\r\n\r\n<g fill=\"#5E6D77\">\r\n    <path d=\"M12,23.25C5.797,23.25,0.75,18.203,0.75,12C0.75,5.797,5.797,0.75,12,0.75c6.203,0,11.25,5.047,11.25,11.25\r\n        C23.25,18.203,18.203,23.25,12,23.25z M12,2.25c-5.376,0-9.75,4.374-9.75,9.75s4.374,9.75,9.75,9.75s9.75-4.374,9.75-9.75\r\n        S17.376,2.25,12,2.25z\"\/>\r\n    <path d=\"M15.75,16.5c-0.2,0-0.389-0.078-0.53-0.22l-2.25-2.25c-0.302,0.145-0.632,0.22-0.969,0.22c-1.241,0-2.25-1.009-2.25-2.25\r\n        c0-0.96,0.615-1.808,1.5-2.121V5.25c0-0.414,0.336-0.75,0.75-0.75s0.75,0.336,0.75,0.75v4.629c0.885,0.314,1.5,1.162,1.5,2.121\r\n        c0,0.338-0.075,0.668-0.22,0.969l2.25,2.25c0.292,0.292,0.292,0.768,0,1.061C16.139,16.422,15.95,16.5,15.75,16.5z M12,11.25\r\n        c-0.414,0-0.75,0.336-0.75,0.75s0.336,0.75,0.75,0.75s0.75-0.336,0.75-0.75S12.414,11.25,12,11.25z\"\/>\r\n<\/g>\r\n<\/svg><\/i>                        8 ore                    <\/div>\r\n                                    <div class=\"service-price\">\r\n                    <span>\r\n                        <i class=\"input-icon st-border-radius field-icon fa\"><svg width=\"10px\" height=\"16px\" viewBox=\"0 0 11 18\" version=\"1.1\" xmlns=\"http:\/\/www.w3.org\/2000\/svg\" xmlns:xlink=\"http:\/\/www.w3.org\/1999\/xlink\">\r\n    <!-- Generator: Sketch 49 (51002) - http:\/\/www.bohemiancoding.com\/sketch -->\r\n    \r\n    <defs><\/defs>\r\n    <g stroke=\"none\" stroke-width=\"1\" fill=\"none\" fill-rule=\"evenodd\">\r\n        <g id=\"Room_Only_Detail_1\" transform=\"translate(-135.000000, -4858.000000)\" fill=\"#ffab53\" fill-rule=\"nonzero\">\r\n            <g id=\"nearby-hotel\" transform=\"translate(130.000000, 4334.000000)\">\r\n                <g id=\"h1-g\" transform=\"translate(5.000000, 136.000000)\">\r\n                    <g id=\"hotel-grid\">\r\n                        <g id=\"price\" transform=\"translate(0.000000, 383.000000)\">\r\n                            <g id=\"thunder\" transform=\"translate(0.000000, 5.000000)\">\r\n                                <path d=\"M10.0143234,6.99308716 C9.91102517,6.83252576 9.73362166,6.73708716 9.54386728,6.73708716 L5.61404272,6.73708716 L5.61404272,0.561648567 C5.61404272,0.296666111 5.42877956,0.0676134793 5.16941114,0.0125959355 C4.90555149,-0.0435444154 4.64730587,0.0923152337 4.5395164,0.333718743 L0.0482883306,10.4389819 C-0.0291853536,10.6118942 -0.0123432484,10.8139994 0.0909549973,10.9723152 C0.194253243,11.1317538 0.371656752,11.2283152 0.561411138,11.2283152 L4.4912357,11.2283152 L4.4912357,17.4037538 C4.4912357,17.6687363 4.67649886,17.8977889 4.93586728,17.9528065 C4.97516552,17.9606661 5.01446377,17.9651573 5.05263921,17.9651573 C5.27046377,17.9651573 5.47369184,17.8382801 5.56576201,17.6316837 L10.0569901,7.5264205 C10.133341,7.35238541 10.1187445,7.15252576 10.0143234,6.99308716 Z\"><\/path>\r\n                            <\/g>\r\n                        <\/g>\r\n                    <\/g>\r\n                <\/g>\r\n            <\/g>\r\n        <\/g>\r\n    <\/g>\r\n<\/svg><\/i>                            <span class=\"fr_text\">from<\/span>\r\n                    <\/span>\r\n                    <span class=\"price\">\r\n                        <span class=\"text-lg lh1em item \"> $0,00<\/span>                    <\/span>\r\n                <\/div>\r\n            <\/div>\r\n        <\/div>\r\n\r\n    <\/div>\r\n<\/div>\r\n<div class=\"col-lg-3 col-md-6 col-sm-6 col-xs-12 item-service grid-item\">\r\n    <div class=\"service-border\">\r\n        <div class=\"thumb\">\r\n                                        <a href=\"#\" class=\"login\" data-toggle=\"modal\" data-target=\"#st-login-form\">\r\n                    <div class=\"service-add-wishlist\" title=\"Add to wishlist\">\r\n                        <i class=\"fa fa-heart\"><\/i>\r\n                        <div class=\"lds-dual-ring\"><\/div>\r\n                    <\/div>\r\n                <\/a>\r\n                        <div class=\"service-tag bestseller\">\r\n                            <\/div>\r\n            <a href=\"https:\/\/samegypt-tours.com\/ro\/tour\/excursie-cu-quad-de-la-hurghada\/\">\r\n                <img decoding=\"async\" width=\"680\" height=\"500\" src=\"https:\/\/samegypt-tours.com\/wp-content\/uploads\/2023\/07\/quad-biking-safari-1-680x500.jpg\" class=\"img-responsive wp-post-image\" alt=\"Excursie cu quad de la Hurghada\" \/>            <\/a>\r\n                        <a href=\"\/ro\/wp-json\/wp\/v2\/pages\/15709?partner_id=2\" target=\"_blank\" title=\"samegypt tours\"  class=\"service-avatar\"><img alt='Excursie cu quad de la Hurghada' src='https:\/\/secure.gravatar.com\/avatar\/1cfcee38d002af8b0a0436d1f39a8c33afc96558ff80a8bc2f512cd7c7147538?s=70&#038;d=mm&#038;r=g' srcset='https:\/\/secure.gravatar.com\/avatar\/1cfcee38d002af8b0a0436d1f39a8c33afc96558ff80a8bc2f512cd7c7147538?s=140&#038;d=mm&#038;r=g 2x' class='avatar avatar-70 photo' height='70' width='70' \/><\/a>        <\/div>\r\n                <h4 class=\"service-title plr15\"><a href=\"https:\/\/samegypt-tours.com\/ro\/tour\/excursie-cu-quad-de-la-hurghada\/\">Excursie cu quad de la Hurghada<\/a><\/h4>\r\n\r\n        <div class=\"service-review plr15\">\r\n            <ul class=\"icon-group text-color booking-item-rating-stars\">\r\n                            <\/ul>\r\n                        <span class=\"review\">\r\n                                0 reviews            <\/span>\r\n        <\/div>\r\n\r\n        <div class=\"section-footer\">\r\n            <div class=\"footer-inner plr15\">\r\n                                    <div class=\"service-duration\">\r\n                        <i class=\"input-icon st-border-radius field-icon fa\"><svg height=\"16px\" width=\"16px\" version=\"1.1\" xmlns=\"http:\/\/www.w3.org\/2000\/svg\" xmlns:xlink=\"http:\/\/www.w3.org\/1999\/xlink\" x=\"0px\" y=\"0px\"\r\n     viewBox=\"0 0 24 24\" style=\"enable-background:new 0 0 24 24;\" xml:space=\"preserve\">\r\n\r\n<g fill=\"#5E6D77\">\r\n    <path d=\"M12,23.25C5.797,23.25,0.75,18.203,0.75,12C0.75,5.797,5.797,0.75,12,0.75c6.203,0,11.25,5.047,11.25,11.25\r\n        C23.25,18.203,18.203,23.25,12,23.25z M12,2.25c-5.376,0-9.75,4.374-9.75,9.75s4.374,9.75,9.75,9.75s9.75-4.374,9.75-9.75\r\n        S17.376,2.25,12,2.25z\"\/>\r\n    <path d=\"M15.75,16.5c-0.2,0-0.389-0.078-0.53-0.22l-2.25-2.25c-0.302,0.145-0.632,0.22-0.969,0.22c-1.241,0-2.25-1.009-2.25-2.25\r\n        c0-0.96,0.615-1.808,1.5-2.121V5.25c0-0.414,0.336-0.75,0.75-0.75s0.75,0.336,0.75,0.75v4.629c0.885,0.314,1.5,1.162,1.5,2.121\r\n        c0,0.338-0.075,0.668-0.22,0.969l2.25,2.25c0.292,0.292,0.292,0.768,0,1.061C16.139,16.422,15.95,16.5,15.75,16.5z M12,11.25\r\n        c-0.414,0-0.75,0.336-0.75,0.75s0.336,0.75,0.75,0.75s0.75-0.336,0.75-0.75S12.414,11.25,12,11.25z\"\/>\r\n<\/g>\r\n<\/svg><\/i>                        3 Hours                    <\/div>\r\n                                    <div class=\"service-price\">\r\n                    <span>\r\n                        <i class=\"input-icon st-border-radius field-icon fa\"><svg width=\"10px\" height=\"16px\" viewBox=\"0 0 11 18\" version=\"1.1\" xmlns=\"http:\/\/www.w3.org\/2000\/svg\" xmlns:xlink=\"http:\/\/www.w3.org\/1999\/xlink\">\r\n    <!-- Generator: Sketch 49 (51002) - http:\/\/www.bohemiancoding.com\/sketch -->\r\n    \r\n    <defs><\/defs>\r\n    <g stroke=\"none\" stroke-width=\"1\" fill=\"none\" fill-rule=\"evenodd\">\r\n        <g id=\"Room_Only_Detail_1\" transform=\"translate(-135.000000, -4858.000000)\" fill=\"#ffab53\" fill-rule=\"nonzero\">\r\n            <g id=\"nearby-hotel\" transform=\"translate(130.000000, 4334.000000)\">\r\n                <g id=\"h1-g\" transform=\"translate(5.000000, 136.000000)\">\r\n                    <g id=\"hotel-grid\">\r\n                        <g id=\"price\" transform=\"translate(0.000000, 383.000000)\">\r\n                            <g id=\"thunder\" transform=\"translate(0.000000, 5.000000)\">\r\n                                <path d=\"M10.0143234,6.99308716 C9.91102517,6.83252576 9.73362166,6.73708716 9.54386728,6.73708716 L5.61404272,6.73708716 L5.61404272,0.561648567 C5.61404272,0.296666111 5.42877956,0.0676134793 5.16941114,0.0125959355 C4.90555149,-0.0435444154 4.64730587,0.0923152337 4.5395164,0.333718743 L0.0482883306,10.4389819 C-0.0291853536,10.6118942 -0.0123432484,10.8139994 0.0909549973,10.9723152 C0.194253243,11.1317538 0.371656752,11.2283152 0.561411138,11.2283152 L4.4912357,11.2283152 L4.4912357,17.4037538 C4.4912357,17.6687363 4.67649886,17.8977889 4.93586728,17.9528065 C4.97516552,17.9606661 5.01446377,17.9651573 5.05263921,17.9651573 C5.27046377,17.9651573 5.47369184,17.8382801 5.56576201,17.6316837 L10.0569901,7.5264205 C10.133341,7.35238541 10.1187445,7.15252576 10.0143234,6.99308716 Z\"><\/path>\r\n                            <\/g>\r\n                        <\/g>\r\n                    <\/g>\r\n                <\/g>\r\n            <\/g>\r\n        <\/g>\r\n    <\/g>\r\n<\/svg><\/i>                            <span class=\"fr_text\">from<\/span>\r\n                    <\/span>\r\n                    <span class=\"price\">\r\n                        <span class=\"text-lg lh1em item \"> $40,00<\/span>                    <\/span>\r\n                <\/div>\r\n            <\/div>\r\n        <\/div>\r\n\r\n    <\/div>\r\n<\/div>\r\n<\/div><\/div><\/div>[\/vc_column][\/vc_row][vc_row][vc_column][vc_column_text][\/vc_column_text][\/vc_column][\/vc_row]<\/p>\n<\/div>","protected":false},"excerpt":{"rendered":"<p>[vc_row][vc_column][vc_column_text] Tururi de aventur\u0103 \u00een Hurghada Tururi de aventur\u0103 \u00een Hurghada \u0219i excursii Safari cu quad sau jeep-uri \u00een de\u0219ertul de est. Experimenta\u021bi via\u021ba beduinilor \u0219i tradi\u021biile lor. Super activitate \u00een de\u0219ertul arab. Cele mai bune excursii ghidate de Safari \u00een de\u0219ertul arab, vede\u021bi beduinii \u0219i afla\u021bi mai multe despre via\u021ba \u0219i tradi\u021biile lor. Bucura\u021bi-v\u0103 [&hellip;]<\/p>\n","protected":false},"author":2,"featured_media":15710,"parent":15691,"menu_order":0,"comment_status":"closed","ping_status":"closed","template":"","meta":{"om_disable_all_campaigns":false,"footnotes":""},"class_list":["post-15709","page","type-page","status-publish","has-post-thumbnail","hentry"],"aioseo_notices":[],"_links":{"self":[{"href":"https:\/\/samegypt-tours.com\/ro\/wp-json\/wp\/v2\/pages\/15709","targetHints":{"allow":["GET"]}}],"collection":[{"href":"https:\/\/samegypt-tours.com\/ro\/wp-json\/wp\/v2\/pages"}],"about":[{"href":"https:\/\/samegypt-tours.com\/ro\/wp-json\/wp\/v2\/types\/page"}],"author":[{"embeddable":true,"href":"https:\/\/samegypt-tours.com\/ro\/wp-json\/wp\/v2\/users\/2"}],"replies":[{"embeddable":true,"href":"https:\/\/samegypt-tours.com\/ro\/wp-json\/wp\/v2\/comments?post=15709"}],"version-history":[{"count":0,"href":"https:\/\/samegypt-tours.com\/ro\/wp-json\/wp\/v2\/pages\/15709\/revisions"}],"up":[{"embeddable":true,"href":"https:\/\/samegypt-tours.com\/ro\/wp-json\/wp\/v2\/pages\/15691"}],"wp:featuredmedia":[{"embeddable":true,"href":"https:\/\/samegypt-tours.com\/ro\/wp-json\/wp\/v2\/media\/15710"}],"wp:attachment":[{"href":"https:\/\/samegypt-tours.com\/ro\/wp-json\/wp\/v2\/media?parent=15709"}],"curies":[{"name":"wp","href":"https:\/\/api.w.org\/{rel}","templated":true}]}}