{"id":12415,"date":"2023-07-06T05:45:19","date_gmt":"2023-07-06T03:45:19","guid":{"rendered":"https:\/\/samegypt-tours.com\/site\/?page_id=12415"},"modified":"2023-09-02T13:03:09","modified_gmt":"2023-09-02T13:03:09","slug":"ueber-uns","status":"publish","type":"page","link":"https:\/\/samegypt-tours.com\/de\/ueber-uns\/","title":{"rendered":"\u00dcber uns"},"content":{"rendered":"<div class=\"wpb-content-wrapper\"><p>[vc_row][vc_column][vc_column_text]<\/p>\n<h3>\u00dcber uns<\/h3>\n<p>Samegypt Tours ist der Markenname und das dynamisch entwickelte Image des Online-Tourismus- und Reiseveranstalters Blue Heaven Travel Company mit der Lizenznummer 2024 des \u00e4gyptischen Tourismusministeriums sowie der IATA-Mitgliedschaft Nu:-90229801<\/p>\n<p>Samegypt tours ist die Kehrseite des Unternehmens, die G\u00e4ste erm\u00f6glicht, Touren, Reisen, Pakete, Transfers oder spezielle, ma\u00dfgeschneiderte Anfragen auf einfache und fortgeschrittene Weise zu kennen und zu buchen.<\/p>\n<p>Wir arbeiten st\u00e4ndig daran, eine umfassende und breite Auswahl an Urlaubspaketen anzubieten, die komplette pers\u00f6nliche und telefonische Unterst\u00fctzung oder Social Media-Unterst\u00fctzung bieten, um Kosten f\u00fcr viele Elemente zu sparen und die g\u00fcnstigsten Preise zu erhalten.<\/p>\n<p><strong>\u00a0<\/strong><\/p>\n<h4>samegypt tours erleben<\/h4>\n<p>Unsere Mitarbeiter verf\u00fcgen \u00fcber langj\u00e4hrige und umfangreiche Erfahrung und haben mit renommierten Reiseb\u00fcros in \u00c4gypten und im Ausland zusammengearbeitet, ein Team talentierter und professioneller Experten unter Lizenz des \u00e4gyptischen Tourismusministeriums, die Mitgliedschaft im \u00e4gyptischen General Guides Syndicate mit einem Bachelor-Abschluss in Reiseleitung &amp; \u00c4gyptologie<\/p>\n<p><strong>\u00a0<\/strong><\/p>\n<p>Tiefes Wissen \u00fcber jeden Teil des Bestimmungsortes \u00c4gypten<\/p>\n<h4>samegypt tours &amp; verantwortungsbewusster Tourismus:<\/h4>\n<p>Wir setzen uns stark f\u00fcr verantwortungsvollen Tourismus ein. Wir bieten authentische Reiseerlebnisse und minimieren unsere Auswirkungen auf die Umwelt, die Menschen und Orte, respektieren den Lebensstil und die Kultur der Menschen vor Ort und ermutigen die Kunden, ihre Produkte zu kaufen, im \u00f6rtlichen Haus zu essen. Mietfahrer, lokale Reiseleiter und Reiseleiter.<\/p>\n<p>Wir nutzen lokale Beduinen-W\u00fcstencamps und -stationen f\u00fcr W\u00fcstensafari-Touren. Wir tun unser Bestes, um pers\u00f6nlich und finanziell die \u00f6rtlichen Organisationen f\u00fcr Wildtiere und Umweltschutz zu unterst\u00fctzen. Au\u00dferdem nehmen wir die Besuche der \u00f6rtlichen Naturschutzgebiete in unsere Tourpakete auf Um die anderen f\u00fcr den verantwortungsvollen und nachhaltigen Tourismus zu verbreiten und zu ermutigen, schulen Sie unsere Mitarbeiter und Mitarbeiter, damit diese unsere Richtlinien in die Praxis umsetzen k\u00f6nnen.[\/vc_column_text][\/vc_column][\/vc_row][vc_row][vc_column width=&#8220;1\/4&#8243;][vc_single_image image=&#8220;11000&#8243; img_size=&#8220;full&#8220; alignment=&#8220;center&#8220;][vc_custom_heading text=&#8220;Ausgew\u00e4hlte Auswahl an Aktivit\u00e4ten&#8220; font_container=&#8220;tag:h5|text_align:center&#8220; google_fonts=&#8220;font_family:Artifika%3Aregular|font_style:400%20regular%3A400%3Anormal&#8220;][vc_column_text]<\/p>\n<p style=\"text-align: center;\">Eine gut ausgew\u00e4hlte Auswahl an Aktivit\u00e4ten in \u00c4gypten (Geschichte, Seereise, Abenteuer, Transfers, Nilkreuzfahrten und Pakete)<\/p>\n<p>[\/vc_column_text][\/vc_column][vc_column width=&#8220;1\/4&#8243;][vc_single_image image=&#8220;10998&#8243; img_size=&#8220;full&#8220; alignment=&#8220;center&#8220;][vc_custom_heading text=&#8220;Online-Zahlung&#8220; font_container=&#8220;tag:h5|text_align:center&#8220; google_fonts=&#8220;font_family:Artifika%3Aregular|font_style:400%20regular%3A400%3Anormal&#8220;][vc_column_text]<\/p>\n<p style=\"text-align: center;\">Sichere Online-Zahlung unter der National Bank of Egypt oder sogar bar vor der Veranstaltung mit $, \u00a3, \u20ac, LE (\u00e4gyptisches Pfund) gem\u00e4\u00df dem t\u00e4glichen Bankkurs<\/p>\n<p>[\/vc_column_text][\/vc_column][vc_column width=&#8220;1\/4&#8243;][vc_single_image image=&#8220;10997&#8243; img_size=&#8220;full&#8220; alignment=&#8220;center&#8220;][vc_custom_heading text=&#8220;Online-Buchung&#8220; font_container=&#8220;tag:h5|text_align:center&#8220; google_fonts=&#8220;font_family:Artifika%3Aregular|font_style:400%20regular%3A400%3Anormal&#8220;][vc_column_text]<\/p>\n<p style=\"text-align: center;\">Einfache Online-Buchung oder sogar WhatsApp-Business, die auf der Kontaktseite angezeigt werden<\/p>\n<p>[\/vc_column_text][\/vc_column][vc_column width=&#8220;1\/4&#8243;][vc_single_image image=&#8220;10996&#8243; img_size=&#8220;full&#8220; alignment=&#8220;center&#8220;][vc_custom_heading text=&#8220;Qualit\u00e4t der Dienstleistungen&#8220; font_container=&#8220;tag:h5|text_align:center&#8220; google_fonts=&#8220;font_family:Artifika%3Aregular|font_style:400%20regular%3A400%3Anormal&#8220;][vc_column_text]<\/p>\n<p style=\"text-align: center;\">Hochwertiger Service f\u00fcr die \u00e4u\u00dferste Zufriedenheit unserer gesch\u00e4tzten<br \/>\nG\u00e4ste<\/p>\n<p>[\/vc_column_text][\/vc_column][\/vc_row][vc_row][vc_column width=&#8220;1\/4&#8243;][vc_single_image image=&#8220;11002&#8243; img_size=&#8220;full&#8220; alignment=&#8220;center&#8220;][vc_custom_heading text=&#8220;Professionelle Reisef\u00fchrer&#8220; font_container=&#8220;tag:h5|text_align:center&#8220; google_fonts=&#8220;font_family:Artifika%3Aregular|font_style:400%20regular%3A400%3Anormal&#8220;][vc_column_text]<\/p>\n<p style=\"text-align: center;\">Professionelle Reisef\u00fchrer und \u00c4gyptologen mit hervorragender Erfahrung in allen Teilen \u00c4gyptens<\/p>\n<p>[\/vc_column_text][\/vc_column][vc_column width=&#8220;1\/4&#8243;][vc_single_image image=&#8220;10999&#8243; img_size=&#8220;full&#8220; alignment=&#8220;center&#8220;][vc_custom_heading text=&#8220;Wettbewerbsf\u00e4hige Preise&#8220; font_container=&#8220;tag:h5|text_align:center&#8220; google_fonts=&#8220;font_family:Artifika%3Aregular|font_style:400%20regular%3A400%3Anormal&#8220;][vc_column_text]<\/p>\n<p style=\"text-align: center;\">Sehr wettbewerbsf\u00e4hige Preise im Vergleich zu anderen Reiseveranstaltern in oder au\u00dferhalb \u00c4gyptens<\/p>\n<p>[\/vc_column_text][\/vc_column][vc_column width=&#8220;1\/4&#8243;][vc_single_image image=&#8220;11001&#8243; img_size=&#8220;full&#8220; alignment=&#8220;center&#8220;][vc_custom_heading text=&#8220;24 Stunden \/ 7 Tage&#8220; font_container=&#8220;tag:h5|text_align:center&#8220; google_fonts=&#8220;font_family:Artifika%3Aregular|font_style:400%20regular%3A400%3Anormal&#8220;][vc_column_text]<\/p>\n<p style=\"text-align: center;\">Wir sind rund um die Uhr in Hurghada, Kairo, Luxor, Assuan, Sharm El Sheich und Alexandria erreichbar<\/p>\n<p>[\/vc_column_text][\/vc_column][vc_column width=&#8220;1\/4&#8243;][vc_single_image image=&#8220;11003&#8243; img_size=&#8220;full&#8220; alignment=&#8220;center&#8220;][vc_custom_heading text=&#8220;Sicherheit&#8220; font_container=&#8220;tag:h5|text_align:center&#8220; google_fonts=&#8220;font_family:Artifika%3Aregular|font_style:400%20regular%3A400%3Anormal&#8220;][vc_column_text]<\/p>\n<p style=\"text-align: center;\">Sicherheit ist unsere Priorit\u00e4t. Deshalb w\u00e4hlen wir unsere lokalen Reiseanbieter<br \/>\nund Fahrer sorgf\u00e4ltig aus<\/p>\n<p>[\/vc_column_text][\/vc_column][\/vc_row][vc_row][vc_column][vc_empty_space][\/vc_column][\/vc_row]<\/p>\n<\/div>","protected":false},"excerpt":{"rendered":"<p>[vc_row][vc_column][vc_column_text] \u00dcber uns Samegypt Tours ist der Markenname und das dynamisch entwickelte Image des Online-Tourismus- und Reiseveranstalters Blue Heaven Travel Company mit der Lizenznummer 2024 des \u00e4gyptischen Tourismusministeriums sowie der IATA-Mitgliedschaft Nu:-90229801 Samegypt tours ist die Kehrseite des Unternehmens, die G\u00e4ste erm\u00f6glicht, Touren, Reisen, Pakete, Transfers oder spezielle, ma\u00dfgeschneiderte Anfragen auf einfache und fortgeschrittene Weise [&hellip;]<\/p>\n","protected":false},"author":2,"featured_media":10990,"parent":0,"menu_order":0,"comment_status":"closed","ping_status":"closed","template":"","meta":{"om_disable_all_campaigns":false,"footnotes":""},"class_list":["post-12415","page","type-page","status-publish","has-post-thumbnail","hentry"],"aioseo_notices":[],"_links":{"self":[{"href":"https:\/\/samegypt-tours.com\/de\/wp-json\/wp\/v2\/pages\/12415","targetHints":{"allow":["GET"]}}],"collection":[{"href":"https:\/\/samegypt-tours.com\/de\/wp-json\/wp\/v2\/pages"}],"about":[{"href":"https:\/\/samegypt-tours.com\/de\/wp-json\/wp\/v2\/types\/page"}],"author":[{"embeddable":true,"href":"https:\/\/samegypt-tours.com\/de\/wp-json\/wp\/v2\/users\/2"}],"replies":[{"embeddable":true,"href":"https:\/\/samegypt-tours.com\/de\/wp-json\/wp\/v2\/comments?post=12415"}],"version-history":[{"count":0,"href":"https:\/\/samegypt-tours.com\/de\/wp-json\/wp\/v2\/pages\/12415\/revisions"}],"wp:featuredmedia":[{"embeddable":true,"href":"https:\/\/samegypt-tours.com\/de\/wp-json\/wp\/v2\/media\/10990"}],"wp:attachment":[{"href":"https:\/\/samegypt-tours.com\/de\/wp-json\/wp\/v2\/media?parent=12415"}],"curies":[{"name":"wp","href":"https:\/\/api.w.org\/{rel}","templated":true}]}}