{"id":12396,"date":"2023-07-06T05:46:19","date_gmt":"2023-07-06T03:46:19","guid":{"rendered":"https:\/\/samegypt-tours.com\/site\/?page_id=12396"},"modified":"2024-03-05T21:24:43","modified_gmt":"2024-03-05T19:24:43","slug":"abenteuer-und-safari-ausfluege","status":"publish","type":"page","link":"https:\/\/samegypt-tours.com\/de\/ausfluge\/abenteuer-und-safari-ausfluege\/","title":{"rendered":"Abenteuer und Safari Ausfl\u00fcge"},"content":{"rendered":"<div class=\"wpb-content-wrapper\"><p>[vc_row][vc_column][vc_custom_heading text=&#8220;Abenteuer und Safari Ausfl\u00fcge&#8220; font_container=&#8220;tag:h2|text_align:center&#8220; google_fonts=&#8220;font_family:Artifika%3Aregular|font_style:400%20regular%3A400%3Anormal&#8220;][vc_column_text]<\/p>\n<p style=\"text-align: center;\">Abenteuer und Safari Ausfl\u00fcge, Entdecke die Geheimnisse der \u00f6stlichen W\u00fcste. Genie\u00dfen Sie die Sch\u00f6nheit der Natur. Erleben Sie das Leben der Beduinen und ihre Traditionen. Safaritouren mit Jeeps oder Quads sind in \u00c4gypten durchaus bemerkenswert.<\/p>\n<p>[\/vc_column_text][\/vc_column][\/vc_row][vc_row][vc_column]<div class=\"search-result-page st-tours service-slider-wrapper\"><div class=\"st-hotel-result modern-search-result\"><div class=\"list-service-style8\"><div class=\"col-lg-3 col-md-6 col-sm-6 col-xs-12 item-service grid-item\">\r\n    <div class=\"service-border\">\r\n        <div class=\"thumb\">\r\n                                        <a href=\"#\" class=\"login\" data-toggle=\"modal\" data-target=\"#st-login-form\">\r\n                    <div class=\"service-add-wishlist\" title=\"Add to wishlist\">\r\n                        <i class=\"fa fa-heart\"><\/i>\r\n                        <div class=\"lds-dual-ring\"><\/div>\r\n                    <\/div>\r\n                <\/a>\r\n                        <div class=\"service-tag bestseller\">\r\n                            <\/div>\r\n            <a href=\"https:\/\/samegypt-tours.com\/de\/tour\/safari-vip-ab-hurghada\/\">\r\n                <img decoding=\"async\" width=\"680\" height=\"500\" src=\"https:\/\/samegypt-tours.com\/wp-content\/uploads\/2023\/07\/samegypt-tours-safari-680x500.jpg\" class=\"img-responsive wp-post-image\" alt=\"Woestijnsafari \" \/>            <\/a>\r\n                        <a href=\"\/de\/wp-json\/wp\/v2\/pages\/12396?partner_id=2\" target=\"_blank\" title=\"samegypt tours\"  class=\"service-avatar\"><img alt='Woestijnsafari ' src='https:\/\/secure.gravatar.com\/avatar\/1cfcee38d002af8b0a0436d1f39a8c33afc96558ff80a8bc2f512cd7c7147538?s=70&#038;d=mm&#038;r=g' srcset='https:\/\/secure.gravatar.com\/avatar\/1cfcee38d002af8b0a0436d1f39a8c33afc96558ff80a8bc2f512cd7c7147538?s=140&#038;d=mm&#038;r=g 2x' class='avatar avatar-70 photo' height='70' width='70' \/><\/a>        <\/div>\r\n                <h4 class=\"service-title plr15\"><a href=\"https:\/\/samegypt-tours.com\/de\/tour\/safari-vip-ab-hurghada\/\">Safari VIP ab Hurghada<\/a><\/h4>\r\n\r\n        <div class=\"service-review plr15\">\r\n            <ul class=\"icon-group text-color booking-item-rating-stars\">\r\n                            <\/ul>\r\n                        <span class=\"review\">\r\n                                0 Bewertungen            <\/span>\r\n        <\/div>\r\n\r\n        <div class=\"section-footer\">\r\n            <div class=\"footer-inner plr15\">\r\n                                    <div class=\"service-duration\">\r\n                        <i class=\"input-icon st-border-radius field-icon fa\"><svg height=\"16px\" width=\"16px\" version=\"1.1\" xmlns=\"http:\/\/www.w3.org\/2000\/svg\" xmlns:xlink=\"http:\/\/www.w3.org\/1999\/xlink\" x=\"0px\" y=\"0px\"\r\n     viewBox=\"0 0 24 24\" style=\"enable-background:new 0 0 24 24;\" xml:space=\"preserve\">\r\n\r\n<g fill=\"#5E6D77\">\r\n    <path d=\"M12,23.25C5.797,23.25,0.75,18.203,0.75,12C0.75,5.797,5.797,0.75,12,0.75c6.203,0,11.25,5.047,11.25,11.25\r\n        C23.25,18.203,18.203,23.25,12,23.25z M12,2.25c-5.376,0-9.75,4.374-9.75,9.75s4.374,9.75,9.75,9.75s9.75-4.374,9.75-9.75\r\n        S17.376,2.25,12,2.25z\"\/>\r\n    <path d=\"M15.75,16.5c-0.2,0-0.389-0.078-0.53-0.22l-2.25-2.25c-0.302,0.145-0.632,0.22-0.969,0.22c-1.241,0-2.25-1.009-2.25-2.25\r\n        c0-0.96,0.615-1.808,1.5-2.121V5.25c0-0.414,0.336-0.75,0.75-0.75s0.75,0.336,0.75,0.75v4.629c0.885,0.314,1.5,1.162,1.5,2.121\r\n        c0,0.338-0.075,0.668-0.22,0.969l2.25,2.25c0.292,0.292,0.292,0.768,0,1.061C16.139,16.422,15.95,16.5,15.75,16.5z M12,11.25\r\n        c-0.414,0-0.75,0.336-0.75,0.75s0.336,0.75,0.75,0.75s0.75-0.336,0.75-0.75S12.414,11.25,12,11.25z\"\/>\r\n<\/g>\r\n<\/svg><\/i>                        6 Hours                    <\/div>\r\n                                    <div class=\"service-price\">\r\n                    <span>\r\n                        <i class=\"input-icon st-border-radius field-icon fa\"><svg width=\"10px\" height=\"16px\" viewBox=\"0 0 11 18\" version=\"1.1\" xmlns=\"http:\/\/www.w3.org\/2000\/svg\" xmlns:xlink=\"http:\/\/www.w3.org\/1999\/xlink\">\r\n    <!-- Generator: Sketch 49 (51002) - http:\/\/www.bohemiancoding.com\/sketch -->\r\n    \r\n    <defs><\/defs>\r\n    <g stroke=\"none\" stroke-width=\"1\" fill=\"none\" fill-rule=\"evenodd\">\r\n        <g id=\"Room_Only_Detail_1\" transform=\"translate(-135.000000, -4858.000000)\" fill=\"#ffab53\" fill-rule=\"nonzero\">\r\n            <g id=\"nearby-hotel\" transform=\"translate(130.000000, 4334.000000)\">\r\n                <g id=\"h1-g\" transform=\"translate(5.000000, 136.000000)\">\r\n                    <g id=\"hotel-grid\">\r\n                        <g id=\"price\" transform=\"translate(0.000000, 383.000000)\">\r\n                            <g id=\"thunder\" transform=\"translate(0.000000, 5.000000)\">\r\n                                <path d=\"M10.0143234,6.99308716 C9.91102517,6.83252576 9.73362166,6.73708716 9.54386728,6.73708716 L5.61404272,6.73708716 L5.61404272,0.561648567 C5.61404272,0.296666111 5.42877956,0.0676134793 5.16941114,0.0125959355 C4.90555149,-0.0435444154 4.64730587,0.0923152337 4.5395164,0.333718743 L0.0482883306,10.4389819 C-0.0291853536,10.6118942 -0.0123432484,10.8139994 0.0909549973,10.9723152 C0.194253243,11.1317538 0.371656752,11.2283152 0.561411138,11.2283152 L4.4912357,11.2283152 L4.4912357,17.4037538 C4.4912357,17.6687363 4.67649886,17.8977889 4.93586728,17.9528065 C4.97516552,17.9606661 5.01446377,17.9651573 5.05263921,17.9651573 C5.27046377,17.9651573 5.47369184,17.8382801 5.56576201,17.6316837 L10.0569901,7.5264205 C10.133341,7.35238541 10.1187445,7.15252576 10.0143234,6.99308716 Z\"><\/path>\r\n                            <\/g>\r\n                        <\/g>\r\n                    <\/g>\r\n                <\/g>\r\n            <\/g>\r\n        <\/g>\r\n    <\/g>\r\n<\/svg><\/i>                            <span class=\"fr_text\">Ab<\/span>\r\n                    <\/span>\r\n                    <span class=\"price\">\r\n                        <span class=\"text-lg lh1em item \"> \u20ac0,00<\/span>                    <\/span>\r\n                <\/div>\r\n            <\/div>\r\n        <\/div>\r\n\r\n    <\/div>\r\n<\/div>\r\n<div class=\"col-lg-3 col-md-6 col-sm-6 col-xs-12 item-service grid-item\">\r\n    <div class=\"service-border\">\r\n        <div class=\"thumb\">\r\n                                        <a href=\"#\" class=\"login\" data-toggle=\"modal\" data-target=\"#st-login-form\">\r\n                    <div class=\"service-add-wishlist\" title=\"Add to wishlist\">\r\n                        <i class=\"fa fa-heart\"><\/i>\r\n                        <div class=\"lds-dual-ring\"><\/div>\r\n                    <\/div>\r\n                <\/a>\r\n                        <div class=\"service-tag bestseller\">\r\n                            <\/div>\r\n            <a href=\"https:\/\/samegypt-tours.com\/de\/tour\/quad-bike-halbtag-tour-mit-abendessen\/\">\r\n                <img decoding=\"async\" width=\"680\" height=\"500\" src=\"https:\/\/samegypt-tours.com\/wp-content\/uploads\/2023\/07\/Quad-biking-safari-680x500.jpg\" class=\"img-responsive wp-post-image\" alt=\"Quad safaritocht met diner\" \/>            <\/a>\r\n                        <a href=\"\/de\/wp-json\/wp\/v2\/pages\/12396?partner_id=2\" target=\"_blank\" title=\"samegypt tours\"  class=\"service-avatar\"><img alt='Quad safaritocht met diner' src='https:\/\/secure.gravatar.com\/avatar\/1cfcee38d002af8b0a0436d1f39a8c33afc96558ff80a8bc2f512cd7c7147538?s=70&#038;d=mm&#038;r=g' srcset='https:\/\/secure.gravatar.com\/avatar\/1cfcee38d002af8b0a0436d1f39a8c33afc96558ff80a8bc2f512cd7c7147538?s=140&#038;d=mm&#038;r=g 2x' class='avatar avatar-70 photo' height='70' width='70' \/><\/a>        <\/div>\r\n                <h4 class=\"service-title plr15\"><a href=\"https:\/\/samegypt-tours.com\/de\/tour\/quad-bike-halbtag-tour-mit-abendessen\/\">Quad Bike Halbtag Tour mit Abendessen<\/a><\/h4>\r\n\r\n        <div class=\"service-review plr15\">\r\n            <ul class=\"icon-group text-color booking-item-rating-stars\">\r\n                            <\/ul>\r\n                        <span class=\"review\">\r\n                                0 Bewertungen            <\/span>\r\n        <\/div>\r\n\r\n        <div class=\"section-footer\">\r\n            <div class=\"footer-inner plr15\">\r\n                                    <div class=\"service-duration\">\r\n                        <i class=\"input-icon st-border-radius field-icon fa\"><svg height=\"16px\" width=\"16px\" version=\"1.1\" xmlns=\"http:\/\/www.w3.org\/2000\/svg\" xmlns:xlink=\"http:\/\/www.w3.org\/1999\/xlink\" x=\"0px\" y=\"0px\"\r\n     viewBox=\"0 0 24 24\" style=\"enable-background:new 0 0 24 24;\" xml:space=\"preserve\">\r\n\r\n<g fill=\"#5E6D77\">\r\n    <path d=\"M12,23.25C5.797,23.25,0.75,18.203,0.75,12C0.75,5.797,5.797,0.75,12,0.75c6.203,0,11.25,5.047,11.25,11.25\r\n        C23.25,18.203,18.203,23.25,12,23.25z M12,2.25c-5.376,0-9.75,4.374-9.75,9.75s4.374,9.75,9.75,9.75s9.75-4.374,9.75-9.75\r\n        S17.376,2.25,12,2.25z\"\/>\r\n    <path d=\"M15.75,16.5c-0.2,0-0.389-0.078-0.53-0.22l-2.25-2.25c-0.302,0.145-0.632,0.22-0.969,0.22c-1.241,0-2.25-1.009-2.25-2.25\r\n        c0-0.96,0.615-1.808,1.5-2.121V5.25c0-0.414,0.336-0.75,0.75-0.75s0.75,0.336,0.75,0.75v4.629c0.885,0.314,1.5,1.162,1.5,2.121\r\n        c0,0.338-0.075,0.668-0.22,0.969l2.25,2.25c0.292,0.292,0.292,0.768,0,1.061C16.139,16.422,15.95,16.5,15.75,16.5z M12,11.25\r\n        c-0.414,0-0.75,0.336-0.75,0.75s0.336,0.75,0.75,0.75s0.75-0.336,0.75-0.75S12.414,11.25,12,11.25z\"\/>\r\n<\/g>\r\n<\/svg><\/i>                        6 Hours                    <\/div>\r\n                                    <div class=\"service-price\">\r\n                    <span>\r\n                        <i class=\"input-icon st-border-radius field-icon fa\"><svg width=\"10px\" height=\"16px\" viewBox=\"0 0 11 18\" version=\"1.1\" xmlns=\"http:\/\/www.w3.org\/2000\/svg\" xmlns:xlink=\"http:\/\/www.w3.org\/1999\/xlink\">\r\n    <!-- Generator: Sketch 49 (51002) - http:\/\/www.bohemiancoding.com\/sketch -->\r\n    \r\n    <defs><\/defs>\r\n    <g stroke=\"none\" stroke-width=\"1\" fill=\"none\" fill-rule=\"evenodd\">\r\n        <g id=\"Room_Only_Detail_1\" transform=\"translate(-135.000000, -4858.000000)\" fill=\"#ffab53\" fill-rule=\"nonzero\">\r\n            <g id=\"nearby-hotel\" transform=\"translate(130.000000, 4334.000000)\">\r\n                <g id=\"h1-g\" transform=\"translate(5.000000, 136.000000)\">\r\n                    <g id=\"hotel-grid\">\r\n                        <g id=\"price\" transform=\"translate(0.000000, 383.000000)\">\r\n                            <g id=\"thunder\" transform=\"translate(0.000000, 5.000000)\">\r\n                                <path d=\"M10.0143234,6.99308716 C9.91102517,6.83252576 9.73362166,6.73708716 9.54386728,6.73708716 L5.61404272,6.73708716 L5.61404272,0.561648567 C5.61404272,0.296666111 5.42877956,0.0676134793 5.16941114,0.0125959355 C4.90555149,-0.0435444154 4.64730587,0.0923152337 4.5395164,0.333718743 L0.0482883306,10.4389819 C-0.0291853536,10.6118942 -0.0123432484,10.8139994 0.0909549973,10.9723152 C0.194253243,11.1317538 0.371656752,11.2283152 0.561411138,11.2283152 L4.4912357,11.2283152 L4.4912357,17.4037538 C4.4912357,17.6687363 4.67649886,17.8977889 4.93586728,17.9528065 C4.97516552,17.9606661 5.01446377,17.9651573 5.05263921,17.9651573 C5.27046377,17.9651573 5.47369184,17.8382801 5.56576201,17.6316837 L10.0569901,7.5264205 C10.133341,7.35238541 10.1187445,7.15252576 10.0143234,6.99308716 Z\"><\/path>\r\n                            <\/g>\r\n                        <\/g>\r\n                    <\/g>\r\n                <\/g>\r\n            <\/g>\r\n        <\/g>\r\n    <\/g>\r\n<\/svg><\/i>                            <span class=\"fr_text\">Ab<\/span>\r\n                    <\/span>\r\n                    <span class=\"price\">\r\n                        <span class=\"text-lg lh1em item \"> \u20ac40,00<\/span>                    <\/span>\r\n                <\/div>\r\n            <\/div>\r\n        <\/div>\r\n\r\n    <\/div>\r\n<\/div>\r\n<div class=\"col-lg-3 col-md-6 col-sm-6 col-xs-12 item-service grid-item\">\r\n    <div class=\"service-border\">\r\n        <div class=\"thumb\">\r\n                                        <a href=\"#\" class=\"login\" data-toggle=\"modal\" data-target=\"#st-login-form\">\r\n                    <div class=\"service-add-wishlist\" title=\"Add to wishlist\">\r\n                        <i class=\"fa fa-heart\"><\/i>\r\n                        <div class=\"lds-dual-ring\"><\/div>\r\n                    <\/div>\r\n                <\/a>\r\n                        <div class=\"service-tag bestseller\">\r\n                            <\/div>\r\n            <a href=\"https:\/\/samegypt-tours.com\/de\/tour\/super-exclusive-safari-tour\/\">\r\n                <img decoding=\"async\" width=\"680\" height=\"500\" src=\"https:\/\/samegypt-tours.com\/wp-content\/uploads\/2023\/07\/Super-Safari-tours-680x500.jpg\" class=\"img-responsive wp-post-image\" alt=\"Super Safari tours\" srcset=\"https:\/\/samegypt-tours.com\/wp-content\/uploads\/2023\/07\/Super-Safari-tours-680x500.jpg 680w, https:\/\/samegypt-tours.com\/wp-content\/uploads\/2023\/07\/Super-Safari-tours-260x190.jpg 260w\" sizes=\"(max-width: 680px) 100vw, 680px\" \/>            <\/a>\r\n                        <a href=\"\/de\/wp-json\/wp\/v2\/pages\/12396?partner_id=2\" target=\"_blank\" title=\"samegypt tours\"  class=\"service-avatar\"><img alt='Super Safari tours' src='https:\/\/secure.gravatar.com\/avatar\/1cfcee38d002af8b0a0436d1f39a8c33afc96558ff80a8bc2f512cd7c7147538?s=70&#038;d=mm&#038;r=g' srcset='https:\/\/secure.gravatar.com\/avatar\/1cfcee38d002af8b0a0436d1f39a8c33afc96558ff80a8bc2f512cd7c7147538?s=140&#038;d=mm&#038;r=g 2x' class='avatar avatar-70 photo' height='70' width='70' \/><\/a>        <\/div>\r\n                <h4 class=\"service-title plr15\"><a href=\"https:\/\/samegypt-tours.com\/de\/tour\/super-exclusive-safari-tour\/\">Super Exclusive Safari Tour<\/a><\/h4>\r\n\r\n        <div class=\"service-review plr15\">\r\n            <ul class=\"icon-group text-color booking-item-rating-stars\">\r\n                            <\/ul>\r\n                        <span class=\"review\">\r\n                                0 Bewertungen            <\/span>\r\n        <\/div>\r\n\r\n        <div class=\"section-footer\">\r\n            <div class=\"footer-inner plr15\">\r\n                                    <div class=\"service-duration\">\r\n                        <i class=\"input-icon st-border-radius field-icon fa\"><svg height=\"16px\" width=\"16px\" version=\"1.1\" xmlns=\"http:\/\/www.w3.org\/2000\/svg\" xmlns:xlink=\"http:\/\/www.w3.org\/1999\/xlink\" x=\"0px\" y=\"0px\"\r\n     viewBox=\"0 0 24 24\" style=\"enable-background:new 0 0 24 24;\" xml:space=\"preserve\">\r\n\r\n<g fill=\"#5E6D77\">\r\n    <path d=\"M12,23.25C5.797,23.25,0.75,18.203,0.75,12C0.75,5.797,5.797,0.75,12,0.75c6.203,0,11.25,5.047,11.25,11.25\r\n        C23.25,18.203,18.203,23.25,12,23.25z M12,2.25c-5.376,0-9.75,4.374-9.75,9.75s4.374,9.75,9.75,9.75s9.75-4.374,9.75-9.75\r\n        S17.376,2.25,12,2.25z\"\/>\r\n    <path d=\"M15.75,16.5c-0.2,0-0.389-0.078-0.53-0.22l-2.25-2.25c-0.302,0.145-0.632,0.22-0.969,0.22c-1.241,0-2.25-1.009-2.25-2.25\r\n        c0-0.96,0.615-1.808,1.5-2.121V5.25c0-0.414,0.336-0.75,0.75-0.75s0.75,0.336,0.75,0.75v4.629c0.885,0.314,1.5,1.162,1.5,2.121\r\n        c0,0.338-0.075,0.668-0.22,0.969l2.25,2.25c0.292,0.292,0.292,0.768,0,1.061C16.139,16.422,15.95,16.5,15.75,16.5z M12,11.25\r\n        c-0.414,0-0.75,0.336-0.75,0.75s0.336,0.75,0.75,0.75s0.75-0.336,0.75-0.75S12.414,11.25,12,11.25z\"\/>\r\n<\/g>\r\n<\/svg><\/i>                        8 Stunden                    <\/div>\r\n                                    <div class=\"service-price\">\r\n                    <span>\r\n                        <i class=\"input-icon st-border-radius field-icon fa\"><svg width=\"10px\" height=\"16px\" viewBox=\"0 0 11 18\" version=\"1.1\" xmlns=\"http:\/\/www.w3.org\/2000\/svg\" xmlns:xlink=\"http:\/\/www.w3.org\/1999\/xlink\">\r\n    <!-- Generator: Sketch 49 (51002) - http:\/\/www.bohemiancoding.com\/sketch -->\r\n    \r\n    <defs><\/defs>\r\n    <g stroke=\"none\" stroke-width=\"1\" fill=\"none\" fill-rule=\"evenodd\">\r\n        <g id=\"Room_Only_Detail_1\" transform=\"translate(-135.000000, -4858.000000)\" fill=\"#ffab53\" fill-rule=\"nonzero\">\r\n            <g id=\"nearby-hotel\" transform=\"translate(130.000000, 4334.000000)\">\r\n                <g id=\"h1-g\" transform=\"translate(5.000000, 136.000000)\">\r\n                    <g id=\"hotel-grid\">\r\n                        <g id=\"price\" transform=\"translate(0.000000, 383.000000)\">\r\n                            <g id=\"thunder\" transform=\"translate(0.000000, 5.000000)\">\r\n                                <path d=\"M10.0143234,6.99308716 C9.91102517,6.83252576 9.73362166,6.73708716 9.54386728,6.73708716 L5.61404272,6.73708716 L5.61404272,0.561648567 C5.61404272,0.296666111 5.42877956,0.0676134793 5.16941114,0.0125959355 C4.90555149,-0.0435444154 4.64730587,0.0923152337 4.5395164,0.333718743 L0.0482883306,10.4389819 C-0.0291853536,10.6118942 -0.0123432484,10.8139994 0.0909549973,10.9723152 C0.194253243,11.1317538 0.371656752,11.2283152 0.561411138,11.2283152 L4.4912357,11.2283152 L4.4912357,17.4037538 C4.4912357,17.6687363 4.67649886,17.8977889 4.93586728,17.9528065 C4.97516552,17.9606661 5.01446377,17.9651573 5.05263921,17.9651573 C5.27046377,17.9651573 5.47369184,17.8382801 5.56576201,17.6316837 L10.0569901,7.5264205 C10.133341,7.35238541 10.1187445,7.15252576 10.0143234,6.99308716 Z\"><\/path>\r\n                            <\/g>\r\n                        <\/g>\r\n                    <\/g>\r\n                <\/g>\r\n            <\/g>\r\n        <\/g>\r\n    <\/g>\r\n<\/svg><\/i>                            <span class=\"fr_text\">Ab<\/span>\r\n                    <\/span>\r\n                    <span class=\"price\">\r\n                        <span class=\"text-lg lh1em item \"> \u20ac0,00<\/span>                    <\/span>\r\n                <\/div>\r\n            <\/div>\r\n        <\/div>\r\n\r\n    <\/div>\r\n<\/div>\r\n<div class=\"col-lg-3 col-md-6 col-sm-6 col-xs-12 item-service grid-item\">\r\n    <div class=\"service-border\">\r\n        <div class=\"thumb\">\r\n                                        <a href=\"#\" class=\"login\" data-toggle=\"modal\" data-target=\"#st-login-form\">\r\n                    <div class=\"service-add-wishlist\" title=\"Add to wishlist\">\r\n                        <i class=\"fa fa-heart\"><\/i>\r\n                        <div class=\"lds-dual-ring\"><\/div>\r\n                    <\/div>\r\n                <\/a>\r\n                        <div class=\"service-tag bestseller\">\r\n                            <\/div>\r\n            <a href=\"https:\/\/samegypt-tours.com\/de\/tour\/atv-quad-safari-mit-kamelritt-ab-hurghada\/\">\r\n                <img decoding=\"async\" width=\"680\" height=\"500\" src=\"https:\/\/samegypt-tours.com\/wp-content\/uploads\/2023\/07\/quad-biking-safari-1-680x500.jpg\" class=\"img-responsive wp-post-image\" alt=\"quad biking safari \" \/>            <\/a>\r\n                        <a href=\"\/de\/wp-json\/wp\/v2\/pages\/12396?partner_id=2\" target=\"_blank\" title=\"samegypt tours\"  class=\"service-avatar\"><img alt='quad biking safari ' src='https:\/\/secure.gravatar.com\/avatar\/1cfcee38d002af8b0a0436d1f39a8c33afc96558ff80a8bc2f512cd7c7147538?s=70&#038;d=mm&#038;r=g' srcset='https:\/\/secure.gravatar.com\/avatar\/1cfcee38d002af8b0a0436d1f39a8c33afc96558ff80a8bc2f512cd7c7147538?s=140&#038;d=mm&#038;r=g 2x' class='avatar avatar-70 photo' height='70' width='70' \/><\/a>        <\/div>\r\n                <h4 class=\"service-title plr15\"><a href=\"https:\/\/samegypt-tours.com\/de\/tour\/atv-quad-safari-mit-kamelritt-ab-hurghada\/\">ATV Quad-Safari mit Kamelritt ab Hurghada<\/a><\/h4>\r\n\r\n        <div class=\"service-review plr15\">\r\n            <ul class=\"icon-group text-color booking-item-rating-stars\">\r\n                            <\/ul>\r\n                        <span class=\"review\">\r\n                                0 Bewertungen            <\/span>\r\n        <\/div>\r\n\r\n        <div class=\"section-footer\">\r\n            <div class=\"footer-inner plr15\">\r\n                                    <div class=\"service-duration\">\r\n                        <i class=\"input-icon st-border-radius field-icon fa\"><svg height=\"16px\" width=\"16px\" version=\"1.1\" xmlns=\"http:\/\/www.w3.org\/2000\/svg\" xmlns:xlink=\"http:\/\/www.w3.org\/1999\/xlink\" x=\"0px\" y=\"0px\"\r\n     viewBox=\"0 0 24 24\" style=\"enable-background:new 0 0 24 24;\" xml:space=\"preserve\">\r\n\r\n<g fill=\"#5E6D77\">\r\n    <path d=\"M12,23.25C5.797,23.25,0.75,18.203,0.75,12C0.75,5.797,5.797,0.75,12,0.75c6.203,0,11.25,5.047,11.25,11.25\r\n        C23.25,18.203,18.203,23.25,12,23.25z M12,2.25c-5.376,0-9.75,4.374-9.75,9.75s4.374,9.75,9.75,9.75s9.75-4.374,9.75-9.75\r\n        S17.376,2.25,12,2.25z\"\/>\r\n    <path d=\"M15.75,16.5c-0.2,0-0.389-0.078-0.53-0.22l-2.25-2.25c-0.302,0.145-0.632,0.22-0.969,0.22c-1.241,0-2.25-1.009-2.25-2.25\r\n        c0-0.96,0.615-1.808,1.5-2.121V5.25c0-0.414,0.336-0.75,0.75-0.75s0.75,0.336,0.75,0.75v4.629c0.885,0.314,1.5,1.162,1.5,2.121\r\n        c0,0.338-0.075,0.668-0.22,0.969l2.25,2.25c0.292,0.292,0.292,0.768,0,1.061C16.139,16.422,15.95,16.5,15.75,16.5z M12,11.25\r\n        c-0.414,0-0.75,0.336-0.75,0.75s0.336,0.75,0.75,0.75s0.75-0.336,0.75-0.75S12.414,11.25,12,11.25z\"\/>\r\n<\/g>\r\n<\/svg><\/i>                        3 Hours                    <\/div>\r\n                                    <div class=\"service-price\">\r\n                    <span>\r\n                        <i class=\"input-icon st-border-radius field-icon fa\"><svg width=\"10px\" height=\"16px\" viewBox=\"0 0 11 18\" version=\"1.1\" xmlns=\"http:\/\/www.w3.org\/2000\/svg\" xmlns:xlink=\"http:\/\/www.w3.org\/1999\/xlink\">\r\n    <!-- Generator: Sketch 49 (51002) - http:\/\/www.bohemiancoding.com\/sketch -->\r\n    \r\n    <defs><\/defs>\r\n    <g stroke=\"none\" stroke-width=\"1\" fill=\"none\" fill-rule=\"evenodd\">\r\n        <g id=\"Room_Only_Detail_1\" transform=\"translate(-135.000000, -4858.000000)\" fill=\"#ffab53\" fill-rule=\"nonzero\">\r\n            <g id=\"nearby-hotel\" transform=\"translate(130.000000, 4334.000000)\">\r\n                <g id=\"h1-g\" transform=\"translate(5.000000, 136.000000)\">\r\n                    <g id=\"hotel-grid\">\r\n                        <g id=\"price\" transform=\"translate(0.000000, 383.000000)\">\r\n                            <g id=\"thunder\" transform=\"translate(0.000000, 5.000000)\">\r\n                                <path d=\"M10.0143234,6.99308716 C9.91102517,6.83252576 9.73362166,6.73708716 9.54386728,6.73708716 L5.61404272,6.73708716 L5.61404272,0.561648567 C5.61404272,0.296666111 5.42877956,0.0676134793 5.16941114,0.0125959355 C4.90555149,-0.0435444154 4.64730587,0.0923152337 4.5395164,0.333718743 L0.0482883306,10.4389819 C-0.0291853536,10.6118942 -0.0123432484,10.8139994 0.0909549973,10.9723152 C0.194253243,11.1317538 0.371656752,11.2283152 0.561411138,11.2283152 L4.4912357,11.2283152 L4.4912357,17.4037538 C4.4912357,17.6687363 4.67649886,17.8977889 4.93586728,17.9528065 C4.97516552,17.9606661 5.01446377,17.9651573 5.05263921,17.9651573 C5.27046377,17.9651573 5.47369184,17.8382801 5.56576201,17.6316837 L10.0569901,7.5264205 C10.133341,7.35238541 10.1187445,7.15252576 10.0143234,6.99308716 Z\"><\/path>\r\n                            <\/g>\r\n                        <\/g>\r\n                    <\/g>\r\n                <\/g>\r\n            <\/g>\r\n        <\/g>\r\n    <\/g>\r\n<\/svg><\/i>                            <span class=\"fr_text\">Ab<\/span>\r\n                    <\/span>\r\n                    <span class=\"price\">\r\n                        <span class=\"text-lg lh1em item \"> \u20ac40,00<\/span>                    <\/span>\r\n                <\/div>\r\n            <\/div>\r\n        <\/div>\r\n\r\n    <\/div>\r\n<\/div>\r\n<\/div><\/div><\/div>[\/vc_column][\/vc_row][vc_row][vc_column][vc_column_text].[\/vc_column_text][\/vc_column][\/vc_row]<\/p>\n<\/div>","protected":false},"excerpt":{"rendered":"<p>[vc_row][vc_column][vc_custom_heading text=&#8220;Abenteuer und Safari Ausfl\u00fcge&#8220; font_container=&#8220;tag:h2|text_align:center&#8220; google_fonts=&#8220;font_family:Artifika%3Aregular|font_style:400%20regular%3A400%3Anormal&#8220;][vc_column_text] Abenteuer und Safari Ausfl\u00fcge, Entdecke die Geheimnisse der \u00f6stlichen W\u00fcste. Genie\u00dfen Sie die Sch\u00f6nheit der Natur. Erleben Sie das Leben der Beduinen und ihre Traditionen. Safaritouren mit Jeeps oder Quads sind in \u00c4gypten durchaus bemerkenswert. [\/vc_column_text][\/vc_column][\/vc_row][vc_row][vc_column][\/vc_column][\/vc_row][vc_row][vc_column][vc_column_text].[\/vc_column_text][\/vc_column][\/vc_row]<\/p>\n","protected":false},"author":1,"featured_media":11641,"parent":12382,"menu_order":0,"comment_status":"closed","ping_status":"closed","template":"","meta":{"om_disable_all_campaigns":false,"footnotes":""},"class_list":["post-12396","page","type-page","status-publish","has-post-thumbnail","hentry"],"aioseo_notices":[],"_links":{"self":[{"href":"https:\/\/samegypt-tours.com\/de\/wp-json\/wp\/v2\/pages\/12396","targetHints":{"allow":["GET"]}}],"collection":[{"href":"https:\/\/samegypt-tours.com\/de\/wp-json\/wp\/v2\/pages"}],"about":[{"href":"https:\/\/samegypt-tours.com\/de\/wp-json\/wp\/v2\/types\/page"}],"author":[{"embeddable":true,"href":"https:\/\/samegypt-tours.com\/de\/wp-json\/wp\/v2\/users\/1"}],"replies":[{"embeddable":true,"href":"https:\/\/samegypt-tours.com\/de\/wp-json\/wp\/v2\/comments?post=12396"}],"version-history":[{"count":0,"href":"https:\/\/samegypt-tours.com\/de\/wp-json\/wp\/v2\/pages\/12396\/revisions"}],"up":[{"embeddable":true,"href":"https:\/\/samegypt-tours.com\/de\/wp-json\/wp\/v2\/pages\/12382"}],"wp:featuredmedia":[{"embeddable":true,"href":"https:\/\/samegypt-tours.com\/de\/wp-json\/wp\/v2\/media\/11641"}],"wp:attachment":[{"href":"https:\/\/samegypt-tours.com\/de\/wp-json\/wp\/v2\/media?parent=12396"}],"curies":[{"name":"wp","href":"https:\/\/api.w.org\/{rel}","templated":true}]}}