{"id":12356,"date":"2023-07-06T05:46:31","date_gmt":"2023-07-06T03:46:31","guid":{"rendered":"https:\/\/samegypt-tours.com\/site\/?page_id=12356"},"modified":"2026-01-08T19:32:40","modified_gmt":"2026-01-08T17:32:40","slug":"nilkreuzfahrten","status":"publish","type":"page","link":"https:\/\/samegypt-tours.com\/de\/nilkreuzfahrten\/","title":{"rendered":"Nilkreuzfahrten"},"content":{"rendered":"<div class=\"wpb-content-wrapper\"><p>[vc_row][vc_column][vc_column_text]<\/p>\n<h3 style=\"text-align: center;\">Nilkreuzfahrt<\/h3>\n<p style=\"text-align: center;\">Nilkreuzfahrten und Top-Touren durch \u00c4gypten. Genie\u00dfen Sie solch perfekte Touren auf dem Nil und besuchen Sie die meisten Denkm\u00e4ler \u00c4gyptens. Segeln Sie von Luxor nach Assuan oder umgekehrt. Erkunden Sie das Westufer des Nils und beobachten Sie das t\u00e4gliche Leben in Ober\u00e4gypten. Besuchen Sie das Tal der K\u00f6nige und erkunden Sie die Grabst\u00e4tte der \u00e4gyptischen K\u00f6nige<\/p>\n<p>[\/vc_column_text][vc_basic_grid post_type=&#8220;ids&#8220; element_width=&#8220;3&#8243; gap=&#8220;15&#8243; item=&#8220;11285&#8243; grid_id=&#8220;vc_gid:1693332822289-76b4e39f-7664-2&#8243; include=&#8220;10584, 10526, 10625, 10631&#8243;][vc_empty_space height=&#8220;40px&#8220;][\/vc_column][\/vc_row]<\/p>\n<\/div>","protected":false},"excerpt":{"rendered":"<p>[vc_row][vc_column][vc_column_text] Nilkreuzfahrt Nilkreuzfahrten und Top-Touren durch \u00c4gypten. Genie\u00dfen Sie solch perfekte Touren auf dem Nil und besuchen Sie die meisten Denkm\u00e4ler \u00c4gyptens. Segeln Sie von Luxor nach Assuan oder umgekehrt. Erkunden Sie das Westufer des Nils und beobachten Sie das t\u00e4gliche Leben in Ober\u00e4gypten. Besuchen Sie das Tal der K\u00f6nige und erkunden Sie die Grabst\u00e4tte [&hellip;]<\/p>\n","protected":false},"author":1,"featured_media":11350,"parent":0,"menu_order":0,"comment_status":"closed","ping_status":"closed","template":"","meta":{"om_disable_all_campaigns":false,"footnotes":""},"class_list":["post-12356","page","type-page","status-publish","has-post-thumbnail","hentry"],"aioseo_notices":[],"_links":{"self":[{"href":"https:\/\/samegypt-tours.com\/de\/wp-json\/wp\/v2\/pages\/12356","targetHints":{"allow":["GET"]}}],"collection":[{"href":"https:\/\/samegypt-tours.com\/de\/wp-json\/wp\/v2\/pages"}],"about":[{"href":"https:\/\/samegypt-tours.com\/de\/wp-json\/wp\/v2\/types\/page"}],"author":[{"embeddable":true,"href":"https:\/\/samegypt-tours.com\/de\/wp-json\/wp\/v2\/users\/1"}],"replies":[{"embeddable":true,"href":"https:\/\/samegypt-tours.com\/de\/wp-json\/wp\/v2\/comments?post=12356"}],"version-history":[{"count":2,"href":"https:\/\/samegypt-tours.com\/de\/wp-json\/wp\/v2\/pages\/12356\/revisions"}],"predecessor-version":[{"id":16350,"href":"https:\/\/samegypt-tours.com\/de\/wp-json\/wp\/v2\/pages\/12356\/revisions\/16350"}],"wp:featuredmedia":[{"embeddable":true,"href":"https:\/\/samegypt-tours.com\/de\/wp-json\/wp\/v2\/media\/11350"}],"wp:attachment":[{"href":"https:\/\/samegypt-tours.com\/de\/wp-json\/wp\/v2\/media?parent=12356"}],"curies":[{"name":"wp","href":"https:\/\/api.w.org\/{rel}","templated":true}]}}